{"id":2111,"date":"2023-02-10T09:31:29","date_gmt":"2023-02-10T08:31:29","guid":{"rendered":"https:\/\/www.kesla.de\/?post_type=product&#038;p=2111"},"modified":"2026-03-23T14:18:42","modified_gmt":"2026-03-23T13:18:42","slug":"aci-nova","status":"publish","type":"product","link":"https:\/\/www.kesla.de\/en\/produkt\/aci-nova\/","title":{"rendered":"Aci-nova<sup>\u00ae<\/sup>"},"content":{"rendered":"<p><img loading=\"lazy\" decoding=\"async\" class=\"alignnone wp-image-2123 size-medium\" src=\"https:\/\/www.kesla.de\/wp-content\/uploads\/Aci-nova_Logo_Text_EN.png\" alt=\"\" width=\"300\" height=\"91\" srcset=\"https:\/\/www.kesla.de\/wp-content\/uploads\/Aci-nova_Logo_Text_EN.png 945w, https:\/\/www.kesla.de\/wp-content\/uploads\/Aci-nova_Logo_Text_EN-300x91.png 300w, https:\/\/www.kesla.de\/wp-content\/uploads\/Aci-nova_Logo_Text_EN-768x232.png 768w, https:\/\/www.kesla.de\/wp-content\/uploads\/Aci-nova_Logo_Text_EN-18x5.png 18w\" sizes=\"auto, (max-width: 300px) 100vw, 300px\" \/><\/p>\n<h1>Aci-nova<sup>\u00ae<\/sup><\/h1>\n<h4>Acidic and foaming surface disinfectant for animal houses and stable facilities.<\/h4>\n<ul id=\"produktnavigationsuntermenu\"><\/ul>\n<p>Aci-nova\u00ae is a stabilised highly synergistic combination of peracetic acid, hydrogen peroxide and acetic acid with a broad spectrum of activity against bacteria, viruses and fungi.<\/p>\n<p>This effect has been proven by microbiological tests according to <a href=\"https:\/\/www.desinfektionsmittelliste.de\/Home\/Produktliste\/9\" target=\"_blank\" rel=\"noopener\"><strong>DVG<\/strong><\/a> as well as DIN EN for the field of animal husbandry.<\/p>\n<p>Aci-nova\u00ae is also effective at low temperatures (-10\u00b0C).<\/p>\n<p>Aci-nova\u00ae is free of chlorine and aldehydes and decomposes into harmless components after disinfection without leaving any residues.<\/p>\n<div class=\"wp-block-kadence-rowlayout aligncenter\">\n<div id=\"kt-layout-id_7a151a-70\" class=\"kt-row-layout-inner kt-layout-id_7a151a-70\">\n<div class=\"kt-row-column-wrap kt-has-5-columns kt-gutter-default kt-v-gutter-default kt-row-valign-middle kt-row-layout-equal kt-tab-layout-inherit kt-m-colapse-left-to-right kt-mobile-layout-row\">\n<div class=\"wp-block-kadence-column inner-column-4 kadence-column_7c2ff5-71\">\n<div class=\"kt-inside-inner-col\">\n<p style=\"text-align: left;\"><strong>Listings:<\/strong><\/p>\n<div class=\"is-layout-flex wp-container-7 wp-block-columns\">\n<div class=\"is-layout-flow wp-block-column\">\n<figure>\n<div class=\"is-layout-flow wp-block-column\">\n<figure class=\"wp-block-image aligncenter size-medium is-resized\"><a href=\"https:\/\/www.desinfektion-dvg.de\/index.php?id=2150\" target=\"_blank\" rel=\"noopener\"><img loading=\"lazy\" decoding=\"async\" class=\"alignnone wp-image-1334\" src=\"https:\/\/www.kesla.de\/wp-content\/uploads\/DVG_gruen-300x199.png\" alt=\"\" width=\"60\" height=\"40\" \/><\/a>\u00a0 \u00a0 \u00a0<img loading=\"lazy\" decoding=\"async\" class=\"wp-image-5649 size-medium\" src=\"https:\/\/www.kesla.de\/wp-content\/uploads\/Fibl_2024_EN.png\" sizes=\"auto, (max-width: 300px) 100vw, 300px\" srcset=\"https:\/\/www.kesla.de\/wp-content\/uploads\/Fibl_2024_EN.png 408w, https:\/\/www.kesla.de\/wp-content\/uploads\/Fibl_2024_EN-300x63.png 300w, https:\/\/www.kesla.de\/wp-content\/uploads\/Fibl_2024_EN-18x4.png 18w\" alt=\"FiBL-Betriebsmittelliste\" width=\"300\" height=\"45\" \/>\u00a0 \u00a0 \u00a0<img loading=\"lazy\" decoding=\"async\" class=\"alignnone wp-image-10683\" src=\"https:\/\/www.kesla.de\/wp-content\/uploads\/Farbe_IHO_Sub_Siegel_Dlist_RGB_0425_EN.png\" alt=\"\" width=\"50\" height=\"50\" srcset=\"https:\/\/www.kesla.de\/wp-content\/uploads\/Farbe_IHO_Sub_Siegel_Dlist_RGB_0425_EN.png 495w, https:\/\/www.kesla.de\/wp-content\/uploads\/Farbe_IHO_Sub_Siegel_Dlist_RGB_0425_EN-300x300.png 300w, https:\/\/www.kesla.de\/wp-content\/uploads\/Farbe_IHO_Sub_Siegel_Dlist_RGB_0425_EN-12x12.png 12w, https:\/\/www.kesla.de\/wp-content\/uploads\/Farbe_IHO_Sub_Siegel_Dlist_RGB_0425_EN-100x100.png 100w\" sizes=\"auto, (max-width: 50px) 100vw, 50px\" \/><\/figure>\n<\/div>\n<div class=\"is-layout-flow wp-block-column\"><\/div>\n<\/figure>\n<figure><\/figure>\n<figure class=\"wp-block-image aligncenter size-medium is-resized\"><\/figure>\n<figure class=\"wp-block-image aligncenter size-medium is-resized\"><\/figure>\n<\/div>\n<div class=\"is-layout-flow wp-block-column\"><\/div>\n<\/div>\n<p>&nbsp;<\/p>\n<div class=\"is-layout-flex wp-container-17 wp-block-columns\">\n<div class=\"is-layout-flow wp-block-column\">\n<div class=\"wp-block-kadence-advancedbtn kb-buttons-wrap kb-btns_af6815-06\"><a class=\"kb-button kt-button button kb-btn_6381b1-29 kt-btn-size-standard kt-btn-width-type-auto kb-btn-global-fill kt-btn-has-text-true kt-btn-has-svg-false wp-block-kadence-singlebtn\" href=\"https:\/\/www.kesla.de\/wp-content\/uploads\/Aci-nova_06.24.pdf\" target=\"_blank\" rel=\"noopener\"><span class=\"kt-btn-inner-text\">Product information<\/span><\/a><\/div>\n<\/div>\n<div class=\"is-layout-flow wp-block-column\">\n<div class=\"wp-block-kadence-advancedbtn kb-buttons-wrap kb-btns_751028-ea\"><a class=\"kb-button kt-button button kb-btn_77e8fd-43 kt-btn-size-standard kt-btn-width-type-auto kb-btn-global-fill kt-btn-has-text-true kt-btn-has-svg-false wp-block-kadence-singlebtn\" href=\"https:\/\/www.kesla.de\/en\/safety-data-sheet-request\/\" target=\"_blank\" rel=\"noopener\"><span class=\"kt-btn-inner-text\">Safety data sheet<\/span><\/a><\/div>\n<\/div>\n<div class=\"is-layout-flow wp-block-column\">\n<div class=\"wp-block-kadence-advancedbtn kb-buttons-wrap kb-btns_ed3cb4-ed\"><a class=\"kb-button kt-button button kb-btn_6c5b71-25 kt-btn-size-standard kt-btn-width-type-auto kb-btn-global-fill kt-btn-has-text-true kt-btn-has-svg-false wp-block-kadence-singlebtn\" href=\"https:\/\/www.kesla.de\/wp-content\/uploads\/Erklaerung-des-Kunden_301122_Engl.pdf\" target=\"_blank\" rel=\"noopener\"><span class=\"kt-btn-inner-text\">Customer\u00b4s statement<\/span><\/a><\/div>\n<\/div>\n<\/div>\n<\/div>\n<\/div>\n<div class=\"wp-block-kadence-column inner-column-5 kadence-column_6287e1-bd\">\n<div class=\"kt-inside-inner-col\"><\/div>\n<\/div>\n<\/div>\n<\/div>\n<\/div>\n<div class=\"wp-block-kadence-rowlayout alignnone\">\n<div id=\"kt-layout-id_1bb526-f8\" class=\"kt-row-layout-inner kt-layout-id_1bb526-f8\">\n<div class=\"kt-row-column-wrap kt-has-2-columns kt-gutter-default kt-v-gutter-default kt-row-valign-top kt-row-layout-equal kt-tab-layout-inherit kt-m-colapse-left-to-right kt-mobile-layout-row\">\n<div class=\"wp-block-kadence-column inner-column-1 kadence-column_0cfe1d-62\">\n<div class=\"kt-inside-inner-col\">\n<div class=\"is-layout-flex wp-block-buttons\"><\/div>\n<\/div>\n<\/div>\n<\/div>\n<\/div>\n<\/div>\n<div class=\"wp-block-kadence-rowlayout alignnone\">\n<div id=\"kt-layout-id_81d1f5-a9\" class=\"kt-row-layout-inner kt-layout-id_81d1f5-a9\">\n<div class=\"kt-row-column-wrap kt-has-3-columns kt-gutter-default kt-v-gutter-default kt-row-valign-top kt-row-layout-equal kt-tab-layout-inherit kt-m-colapse-left-to-right kt-mobile-layout-row\">\n<div class=\"wp-block-kadence-column inner-column-3 kadence-column_3a5df1-93\">\n<div class=\"kt-inside-inner-col\">\n<div><\/div>\n<div><\/div>\n<div>\n<hr \/>\n<\/div>\n<div>\n<div><em><strong>Safety notice:<\/strong>\u00a0Use biocides safely. Always read the identification and product information before use.<\/em><\/div>\n<div><\/div>\n<p><em>Note: This product is subject to\u00a0<\/em><em>Regulation (EU) 2019\/1148 of the European Parliament and of the Council of 20 June 2019 on the marketing and use of explosives precursors and may therefore only be supplied to 'professional users'.<\/em><\/p>\n<\/div>\n<\/div>\n<\/div>\n<\/div>\n<\/div>\n<\/div>","protected":false},"excerpt":{"rendered":"<p>Acidic and foaming surface disinfectant for animal houses and stable facilities.<br \/>\nAci-nova<sup>\u00ae<\/sup> is also effective at low temperatures (-10\u00b0C).<br \/>\nAci-nova<sup>\u00ae<\/sup> is free of chlorine and aldehydes.<\/p>","protected":false},"featured_media":4395,"template":"","meta":{"_uag_custom_page_level_css":"","site-sidebar-layout":"default","site-content-layout":"default","ast-site-content-layout":"default","site-content-style":"default","site-sidebar-style":"default","ast-global-header-display":"","ast-banner-title-visibility":"","ast-main-header-display":"","ast-hfb-above-header-display":"","ast-hfb-below-header-display":"","ast-hfb-mobile-header-display":"","site-post-title":"","ast-breadcrumbs-content":"disabled","ast-featured-img":"","footer-sml-layout":"","ast-disable-related-posts":"","theme-transparent-header-meta":"default","adv-header-id-meta":"","stick-header-meta":"default","header-above-stick-meta":"","header-main-stick-meta":"","header-below-stick-meta":"","astra-migrate-meta-layouts":"set","ast-page-background-enabled":"default","ast-page-background-meta":{"desktop":{"background-color":"var(--ast-global-color-4)","background-image":"","background-repeat":"repeat","background-position":"center center","background-size":"auto","background-attachment":"scroll","background-type":"","background-media":"","overlay-type":"","overlay-color":"","overlay-opacity":"","overlay-gradient":""},"tablet":{"background-color":"","background-image":"","background-repeat":"repeat","background-position":"center center","background-size":"auto","background-attachment":"scroll","background-type":"","background-media":"","overlay-type":"","overlay-color":"","overlay-opacity":"","overlay-gradient":""},"mobile":{"background-color":"","background-image":"","background-repeat":"repeat","background-position":"center center","background-size":"auto","background-attachment":"scroll","background-type":"","background-media":"","overlay-type":"","overlay-color":"","overlay-opacity":"","overlay-gradient":""}},"ast-content-background-meta":{"desktop":{"background-color":"var(--ast-global-color-5)","background-image":"","background-repeat":"repeat","background-position":"center center","background-size":"auto","background-attachment":"scroll","background-type":"","background-media":"","overlay-type":"","overlay-color":"","overlay-opacity":"","overlay-gradient":""},"tablet":{"background-color":"var(--ast-global-color-5)","background-image":"","background-repeat":"repeat","background-position":"center center","background-size":"auto","background-attachment":"scroll","background-type":"","background-media":"","overlay-type":"","overlay-color":"","overlay-opacity":"","overlay-gradient":""},"mobile":{"background-color":"var(--ast-global-color-5)","background-image":"","background-repeat":"repeat","background-position":"center center","background-size":"auto","background-attachment":"scroll","background-type":"","background-media":"","overlay-type":"","overlay-color":"","overlay-opacity":"","overlay-gradient":""}}},"product_brand":[],"product_cat":[79,80,77,244,75,81,82],"product_tag":[144,163,201,195,245,204,202,203,257,258,190,243,192,198],"class_list":{"0":"post-2111","1":"product","2":"type-product","3":"status-publish","4":"has-post-thumbnail","6":"product_cat-gefluegelhaltung","7":"product_cat-kleintierhaltung","8":"product_cat-landwirtschaft-und-tierhaltung","9":"product_cat-peressigsaeure","10":"product_cat-reinigung-und-desinfektion","11":"product_cat-rinderhaltung","12":"product_cat-schweinehaltung","13":"product_tag-afrikanische-schweinepest","14":"product_tag-antimikrobiell","15":"product_tag-bakterien","16":"product_tag-behuellte-viren","17":"product_tag-flaechendesinfektion","18":"product_tag-fungizid","19":"product_tag-hefen","20":"product_tag-levurozid","21":"product_tag-maul-und-klauenseuche","22":"product_tag-mks","23":"product_tag-mykobakterien","24":"product_tag-peressigsaeure","25":"product_tag-pilze","26":"product_tag-unbehuellte-viren","27":"desktop-align-center","28":"tablet-align-center","29":"mobile-align-center","30":"ast-product-gallery-layout-horizontal-slider","31":"ast-magnify-disabled","32":"ast-product-single-variable","33":"ast-product-tabs-layout-horizontal","35":"first","36":"instock","37":"featured","38":"taxable","39":"shipping-taxable","40":"purchasable","41":"product-type-variable"},"yoast_head":"<!-- This site is optimized with the Yoast SEO plugin v27.3 - https:\/\/yoast.com\/product\/yoast-seo-wordpress\/ -->\n<title>Aci-nova\u00ae - KESLA HYGIENE AG<\/title>\n<meta name=\"description\" content=\"Saures und sch\u00e4umendes Fl\u00e4chendesinfektionsmittel f\u00fcr Tierst\u00e4lle und Stalleinrichtungen. Aci-nova\u00ae ist auch bei niedrigen Temperaturen (-10\u00b0C) wirksam.\" \/>\n<meta name=\"robots\" content=\"index, follow, max-snippet:-1, max-image-preview:large, max-video-preview:-1\" \/>\n<link rel=\"canonical\" href=\"https:\/\/www.kesla.de\/en\/product-2\/aci-nova\/\" \/>\n<meta property=\"og:locale\" content=\"en_GB\" \/>\n<meta property=\"og:type\" content=\"article\" \/>\n<meta property=\"og:title\" content=\"Aci-nova\u00ae - KESLA HYGIENE AG\" \/>\n<meta property=\"og:description\" content=\"Saures und sch\u00e4umendes Fl\u00e4chendesinfektionsmittel f\u00fcr Tierst\u00e4lle und Stalleinrichtungen. Aci-nova\u00ae ist auch bei niedrigen Temperaturen (-10\u00b0C) wirksam.\" \/>\n<meta property=\"og:url\" content=\"https:\/\/www.kesla.de\/en\/product-2\/aci-nova\/\" \/>\n<meta property=\"og:site_name\" content=\"KESLA HYGIENE AG\" \/>\n<meta property=\"article:modified_time\" content=\"2026-03-23T13:18:42+00:00\" \/>\n<meta property=\"og:image\" content=\"https:\/\/www.kesla.de\/wp-content\/uploads\/Acinova_Gruppe_0223.png\" \/>\n\t<meta property=\"og:image:width\" content=\"1240\" \/>\n\t<meta property=\"og:image:height\" content=\"1240\" \/>\n\t<meta property=\"og:image:type\" content=\"image\/png\" \/>\n<meta name=\"twitter:card\" content=\"summary_large_image\" \/>\n<meta name=\"twitter:label1\" content=\"Estimated reading time\" \/>\n\t<meta name=\"twitter:data1\" content=\"2 minutes\" \/>\n<script type=\"application\/ld+json\" class=\"yoast-schema-graph\">{\"@context\":\"https:\\\/\\\/schema.org\",\"@graph\":[{\"@type\":\"WebPage\",\"@id\":\"https:\\\/\\\/www.kesla.de\\\/produkt\\\/aci-nova\\\/\",\"url\":\"https:\\\/\\\/www.kesla.de\\\/produkt\\\/aci-nova\\\/\",\"name\":\"Aci-nova\u00ae - KESLA HYGIENE AG\",\"isPartOf\":{\"@id\":\"https:\\\/\\\/www.kesla.de\\\/#website\"},\"primaryImageOfPage\":{\"@id\":\"https:\\\/\\\/www.kesla.de\\\/produkt\\\/aci-nova\\\/#primaryimage\"},\"image\":{\"@id\":\"https:\\\/\\\/www.kesla.de\\\/produkt\\\/aci-nova\\\/#primaryimage\"},\"thumbnailUrl\":\"https:\\\/\\\/www.kesla.de\\\/wp-content\\\/uploads\\\/Acinova_Gruppe_0223.png\",\"datePublished\":\"2023-02-10T08:31:29+00:00\",\"dateModified\":\"2026-03-23T13:18:42+00:00\",\"description\":\"Saures und sch\u00e4umendes Fl\u00e4chendesinfektionsmittel f\u00fcr Tierst\u00e4lle und Stalleinrichtungen. Aci-nova\u00ae ist auch bei niedrigen Temperaturen (-10\u00b0C) wirksam.\",\"breadcrumb\":{\"@id\":\"https:\\\/\\\/www.kesla.de\\\/produkt\\\/aci-nova\\\/#breadcrumb\"},\"inLanguage\":\"en-GB\",\"potentialAction\":[{\"@type\":\"ReadAction\",\"target\":[\"https:\\\/\\\/www.kesla.de\\\/produkt\\\/aci-nova\\\/\"]}]},{\"@type\":\"ImageObject\",\"inLanguage\":\"en-GB\",\"@id\":\"https:\\\/\\\/www.kesla.de\\\/produkt\\\/aci-nova\\\/#primaryimage\",\"url\":\"https:\\\/\\\/www.kesla.de\\\/wp-content\\\/uploads\\\/Acinova_Gruppe_0223.png\",\"contentUrl\":\"https:\\\/\\\/www.kesla.de\\\/wp-content\\\/uploads\\\/Acinova_Gruppe_0223.png\",\"width\":1240,\"height\":1240,\"caption\":\"Acinova_Gruppe\"},{\"@type\":\"BreadcrumbList\",\"@id\":\"https:\\\/\\\/www.kesla.de\\\/produkt\\\/aci-nova\\\/#breadcrumb\",\"itemListElement\":[{\"@type\":\"ListItem\",\"position\":1,\"name\":\"Produkte\",\"item\":\"https:\\\/\\\/www.kesla.de\\\/produkte-2\\\/\"},{\"@type\":\"ListItem\",\"position\":2,\"name\":\"Aci-nova\u00ae\"}]},{\"@type\":\"WebSite\",\"@id\":\"https:\\\/\\\/www.kesla.de\\\/#website\",\"url\":\"https:\\\/\\\/www.kesla.de\\\/\",\"name\":\"kesla.de\",\"description\":\"Ihr Partner f\u00fcr professionelle Reinigung und Desinfektion\",\"publisher\":{\"@id\":\"https:\\\/\\\/www.kesla.de\\\/#organization\"},\"potentialAction\":[{\"@type\":\"SearchAction\",\"target\":{\"@type\":\"EntryPoint\",\"urlTemplate\":\"https:\\\/\\\/www.kesla.de\\\/?s={search_term_string}\"},\"query-input\":{\"@type\":\"PropertyValueSpecification\",\"valueRequired\":true,\"valueName\":\"search_term_string\"}}],\"inLanguage\":\"en-GB\"},{\"@type\":\"Organization\",\"@id\":\"https:\\\/\\\/www.kesla.de\\\/#organization\",\"name\":\"kesla.de\",\"url\":\"https:\\\/\\\/www.kesla.de\\\/\",\"logo\":{\"@type\":\"ImageObject\",\"inLanguage\":\"en-GB\",\"@id\":\"https:\\\/\\\/www.kesla.de\\\/#\\\/schema\\\/logo\\\/image\\\/\",\"url\":\"https:\\\/\\\/www.kesla.de\\\/wp-content\\\/uploads\\\/Kesla-Logo-2020-scaled.png\",\"contentUrl\":\"https:\\\/\\\/www.kesla.de\\\/wp-content\\\/uploads\\\/Kesla-Logo-2020-scaled.png\",\"width\":2560,\"height\":958,\"caption\":\"kesla.de\"},\"image\":{\"@id\":\"https:\\\/\\\/www.kesla.de\\\/#\\\/schema\\\/logo\\\/image\\\/\"}}]}<\/script>\n<!-- \/ Yoast SEO plugin. -->","yoast_head_json":{"title":"Aci-nova\u00ae - KESLA HYGIENE AG","description":"Acidic and foaming surface disinfectant for animal houses and stable facilities. Aci-nova\u00ae is also effective at low temperatures (-10\u00b0C).","robots":{"index":"index","follow":"follow","max-snippet":"max-snippet:-1","max-image-preview":"max-image-preview:large","max-video-preview":"max-video-preview:-1"},"canonical":"https:\/\/www.kesla.de\/en\/product-2\/aci-nova\/","og_locale":"en_GB","og_type":"article","og_title":"Aci-nova\u00ae - KESLA HYGIENE AG","og_description":"Saures und sch\u00e4umendes Fl\u00e4chendesinfektionsmittel f\u00fcr Tierst\u00e4lle und Stalleinrichtungen. Aci-nova\u00ae ist auch bei niedrigen Temperaturen (-10\u00b0C) wirksam.","og_url":"https:\/\/www.kesla.de\/en\/product-2\/aci-nova\/","og_site_name":"KESLA HYGIENE AG","article_modified_time":"2026-03-23T13:18:42+00:00","og_image":[{"width":1240,"height":1240,"url":"https:\/\/www.kesla.de\/wp-content\/uploads\/Acinova_Gruppe_0223.png","type":"image\/png"}],"twitter_card":"summary_large_image","twitter_misc":{"Estimated reading time":"2 minutes"},"schema":{"@context":"https:\/\/schema.org","@graph":[{"@type":"WebPage","@id":"https:\/\/www.kesla.de\/produkt\/aci-nova\/","url":"https:\/\/www.kesla.de\/produkt\/aci-nova\/","name":"Aci-nova\u00ae - KESLA HYGIENE AG","isPartOf":{"@id":"https:\/\/www.kesla.de\/#website"},"primaryImageOfPage":{"@id":"https:\/\/www.kesla.de\/produkt\/aci-nova\/#primaryimage"},"image":{"@id":"https:\/\/www.kesla.de\/produkt\/aci-nova\/#primaryimage"},"thumbnailUrl":"https:\/\/www.kesla.de\/wp-content\/uploads\/Acinova_Gruppe_0223.png","datePublished":"2023-02-10T08:31:29+00:00","dateModified":"2026-03-23T13:18:42+00:00","description":"Acidic and foaming surface disinfectant for animal houses and stable facilities. Aci-nova\u00ae is also effective at low temperatures (-10\u00b0C).","breadcrumb":{"@id":"https:\/\/www.kesla.de\/produkt\/aci-nova\/#breadcrumb"},"inLanguage":"en-GB","potentialAction":[{"@type":"ReadAction","target":["https:\/\/www.kesla.de\/produkt\/aci-nova\/"]}]},{"@type":"ImageObject","inLanguage":"en-GB","@id":"https:\/\/www.kesla.de\/produkt\/aci-nova\/#primaryimage","url":"https:\/\/www.kesla.de\/wp-content\/uploads\/Acinova_Gruppe_0223.png","contentUrl":"https:\/\/www.kesla.de\/wp-content\/uploads\/Acinova_Gruppe_0223.png","width":1240,"height":1240,"caption":"Acinova_Gruppe"},{"@type":"BreadcrumbList","@id":"https:\/\/www.kesla.de\/produkt\/aci-nova\/#breadcrumb","itemListElement":[{"@type":"ListItem","position":1,"name":"Produkte","item":"https:\/\/www.kesla.de\/produkte-2\/"},{"@type":"ListItem","position":2,"name":"Aci-nova\u00ae"}]},{"@type":"WebSite","@id":"https:\/\/www.kesla.de\/#website","url":"https:\/\/www.kesla.de\/","name":"kesla.de","description":"Your partner for professional cleaning and disinfection","publisher":{"@id":"https:\/\/www.kesla.de\/#organization"},"potentialAction":[{"@type":"SearchAction","target":{"@type":"EntryPoint","urlTemplate":"https:\/\/www.kesla.de\/?s={search_term_string}"},"query-input":{"@type":"PropertyValueSpecification","valueRequired":true,"valueName":"search_term_string"}}],"inLanguage":"en-GB"},{"@type":"Organization","@id":"https:\/\/www.kesla.de\/#organization","name":"kesla.de","url":"https:\/\/www.kesla.de\/","logo":{"@type":"ImageObject","inLanguage":"en-GB","@id":"https:\/\/www.kesla.de\/#\/schema\/logo\/image\/","url":"https:\/\/www.kesla.de\/wp-content\/uploads\/Kesla-Logo-2020-scaled.png","contentUrl":"https:\/\/www.kesla.de\/wp-content\/uploads\/Kesla-Logo-2020-scaled.png","width":2560,"height":958,"caption":"kesla.de"},"image":{"@id":"https:\/\/www.kesla.de\/#\/schema\/logo\/image\/"}}]}},"uagb_featured_image_src":{"full":["https:\/\/www.kesla.de\/wp-content\/uploads\/Acinova_Gruppe_0223.png",1240,1240,false],"thumbnail":["https:\/\/www.kesla.de\/wp-content\/uploads\/Acinova_Gruppe_0223.png",300,300,false],"medium":["https:\/\/www.kesla.de\/wp-content\/uploads\/Acinova_Gruppe_0223.png",600,600,false],"medium_large":["https:\/\/www.kesla.de\/wp-content\/uploads\/Acinova_Gruppe_0223.png",768,768,false],"large":["https:\/\/www.kesla.de\/wp-content\/uploads\/Acinova_Gruppe_0223.png",1024,1024,false],"1536x1536":["https:\/\/www.kesla.de\/wp-content\/uploads\/Acinova_Gruppe_0223.png",1240,1240,false],"2048x2048":["https:\/\/www.kesla.de\/wp-content\/uploads\/Acinova_Gruppe_0223.png",1240,1240,false],"trp-custom-language-flag":["https:\/\/www.kesla.de\/wp-content\/uploads\/Acinova_Gruppe_0223.png",12,12,false],"woocommerce_thumbnail":["https:\/\/www.kesla.de\/wp-content\/uploads\/Acinova_Gruppe_0223.png",600,600,false],"woocommerce_single":["https:\/\/www.kesla.de\/wp-content\/uploads\/Acinova_Gruppe_0223.png",1200,1200,false],"woocommerce_gallery_thumbnail":["https:\/\/www.kesla.de\/wp-content\/uploads\/Acinova_Gruppe_0223.png",100,100,false]},"uagb_author_info":{"display_name":"AH","author_link":"https:\/\/www.kesla.de\/en\/author\/"},"uagb_comment_info":18,"uagb_excerpt":"Saures und sch\u00e4umendes Fl\u00e4chendesinfektionsmittel f\u00fcr Tierst\u00e4lle und Stalleinrichtungen. Aci-nova\u00ae ist auch bei niedrigen Temperaturen (-10\u00b0C) wirksam. Aci-nova\u00ae ist frei von Chlor und Aldehyden.","_links":{"self":[{"href":"https:\/\/www.kesla.de\/en\/wp-json\/wp\/v2\/product\/2111","targetHints":{"allow":["GET"]}}],"collection":[{"href":"https:\/\/www.kesla.de\/en\/wp-json\/wp\/v2\/product"}],"about":[{"href":"https:\/\/www.kesla.de\/en\/wp-json\/wp\/v2\/types\/product"}],"wp:featuredmedia":[{"embeddable":true,"href":"https:\/\/www.kesla.de\/en\/wp-json\/wp\/v2\/media\/4395"}],"wp:attachment":[{"href":"https:\/\/www.kesla.de\/en\/wp-json\/wp\/v2\/media?parent=2111"}],"wp:term":[{"taxonomy":"product_brand","embeddable":true,"href":"https:\/\/www.kesla.de\/en\/wp-json\/wp\/v2\/product_brand?post=2111"},{"taxonomy":"product_cat","embeddable":true,"href":"https:\/\/www.kesla.de\/en\/wp-json\/wp\/v2\/product_cat?post=2111"},{"taxonomy":"product_tag","embeddable":true,"href":"https:\/\/www.kesla.de\/en\/wp-json\/wp\/v2\/product_tag?post=2111"}],"curies":[{"name":"wp","href":"https:\/\/api.w.org\/{rel}","templated":true}]}}