{"id":3523,"date":"2023-04-03T23:01:01","date_gmt":"2023-04-03T21:01:01","guid":{"rendered":"https:\/\/www.kesla.de\/?post_type=product&#038;p=3523"},"modified":"2026-02-10T11:13:56","modified_gmt":"2026-02-10T10:13:56","slug":"wofacutan-medicinal-washing-gel","status":"publish","type":"product","link":"https:\/\/www.kesla.de\/en\/produkt\/wofacutan-medicinal-waschgel\/","title":{"rendered":"Wofacutan<sup>\u00ae<\/sup> Medicinal Washing Gel"},"content":{"rendered":"<p><strong>Well proven - for over 65 years.<\/strong><\/p>\n<p><img loading=\"lazy\" decoding=\"async\" class=\"alignnone wp-image-4994 size-medium\" src=\"https:\/\/www.kesla.de\/wp-content\/uploads\/Wofacutanlogo_Waschgel-300x43.png\" alt=\"\" width=\"300\" height=\"43\" srcset=\"https:\/\/www.kesla.de\/wp-content\/uploads\/Wofacutanlogo_Waschgel-300x43.png 300w, https:\/\/www.kesla.de\/wp-content\/uploads\/Wofacutanlogo_Waschgel-18x3.png 18w, https:\/\/www.kesla.de\/wp-content\/uploads\/Wofacutanlogo_Waschgel.png 591w\" sizes=\"auto, (max-width: 300px) 100vw, 300px\" \/><\/p>\n<h1><span style=\"color: #2b347c;\">Medicinal\u00ae Waschgel<\/span><\/h1>\n<p class=\"p1\">for mild and soap-free cleansing of the entire body.<\/p>\n<p class=\"p1\"><b>Wofacutan<\/b><strong><span class=\"s1\">\u00ae <\/span>Medicinal Washing Gel<\/strong> is suitable for all skin types. It is pH skin neutral and is also highly appreciated by allergy sufferers. The special <b>Wofacutan<\/b><span class=\"s1\"><b>\u00ae<\/b><\/span>effect prevents the removal of natural skin lipids and prevents the skin from becoming brittle and dry.<\/p>\n<p><strong>Application:<br \/>\n<\/strong>as a shower bath or hair wash, also several times a day:<\/p>\n<ul>\n<li>\n<p class=\"p1\">for the whole family, from the tender age of a baby<\/p>\n<\/li>\n<li>\n<p class=\"p1\">very suitable for soap intolerance and perfume sensitivity<\/p>\n<\/li>\n<li>\n<p class=\"p1\">for many skin diseases such as eczema, acne vulgaris, hyperhidrosis, pityriasis versicolor, rosacea, seborrhoeic dermatitis<\/p>\n<\/li>\n<li>\n<p class=\"p1\">accompanying therapy on medical recommendation<\/p>\n<\/li>\n<li>\n<p class=\"p1\">in human medicine, in nursing and in the hotel and catering industry<\/p>\n<p><strong style=\"font-size: 16px;\">Tip: <\/strong>Wofacutan<span class=\"s1\" style=\"font-size: 16px;\">\u00ae <\/span>Medicinal Washing Gel is also very suitable for regular and irritation-free hand washing.<b style=\"font-style: inherit;\"><br \/>\n<\/b><\/li>\n<\/ul>\n<p><strong>Without added perfume, dyes and parabens.<\/strong><\/p>\n<hr \/>\n<p><strong>Note:<\/strong> This product can also be ordered in our <a href=\"https:\/\/wofacutan.de\/shop\/wofacutan-medicinal-waschgel\/\" target=\"_blank\" rel=\"noopener\"><strong><span style=\"color: #89c5ff;\">WOFACUTAN-SHOP<\/span><\/strong><\/a> .<\/p>\n<p>&nbsp;<\/p>","protected":false},"excerpt":{"rendered":"<p class=\"p1\">for mild and soap-free cleansing of the entire body.<\/p>\n<p class=\"p1\"><b>Wofacutan<\/b><span class=\"s1\"><b>\u00ae <\/b><\/span><b>Medicinal Washing Gel <\/b>ist fu\u0308r alle Hauttypen geeignet. Es ist pH-hautneutral und wird auch von Allergikern sehr gesch\u00e4tzt.<\/p>\n<p><strong>Without added perfume, dyes and parabens.<\/strong><\/p>\n<p>&nbsp;<\/p>\n<p>&nbsp;<\/p>","protected":false},"featured_media":11345,"template":"","meta":{"_uag_custom_page_level_css":"","site-sidebar-layout":"default","site-content-layout":"default","ast-site-content-layout":"default","site-content-style":"default","site-sidebar-style":"default","ast-global-header-display":"","ast-banner-title-visibility":"","ast-main-header-display":"","ast-hfb-above-header-display":"","ast-hfb-below-header-display":"","ast-hfb-mobile-header-display":"","site-post-title":"","ast-breadcrumbs-content":"","ast-featured-img":"","footer-sml-layout":"","ast-disable-related-posts":"","theme-transparent-header-meta":"default","adv-header-id-meta":"","stick-header-meta":"default","header-above-stick-meta":"","header-main-stick-meta":"","header-below-stick-meta":"","astra-migrate-meta-layouts":"set","ast-page-background-enabled":"default","ast-page-background-meta":{"desktop":{"background-color":"var(--ast-global-color-4)","background-image":"","background-repeat":"repeat","background-position":"center center","background-size":"auto","background-attachment":"scroll","background-type":"","background-media":"","overlay-type":"","overlay-color":"","overlay-opacity":"","overlay-gradient":""},"tablet":{"background-color":"","background-image":"","background-repeat":"repeat","background-position":"center center","background-size":"auto","background-attachment":"scroll","background-type":"","background-media":"","overlay-type":"","overlay-color":"","overlay-opacity":"","overlay-gradient":""},"mobile":{"background-color":"","background-image":"","background-repeat":"repeat","background-position":"center center","background-size":"auto","background-attachment":"scroll","background-type":"","background-media":"","overlay-type":"","overlay-color":"","overlay-opacity":"","overlay-gradient":""}},"ast-content-background-meta":{"desktop":{"background-color":"var(--ast-global-color-5)","background-image":"","background-repeat":"repeat","background-position":"center center","background-size":"auto","background-attachment":"scroll","background-type":"","background-media":"","overlay-type":"","overlay-color":"","overlay-opacity":"","overlay-gradient":""},"tablet":{"background-color":"var(--ast-global-color-5)","background-image":"","background-repeat":"repeat","background-position":"center center","background-size":"auto","background-attachment":"scroll","background-type":"","background-media":"","overlay-type":"","overlay-color":"","overlay-opacity":"","overlay-gradient":""},"mobile":{"background-color":"var(--ast-global-color-5)","background-image":"","background-repeat":"repeat","background-position":"center center","background-size":"auto","background-attachment":"scroll","background-type":"","background-media":"","overlay-type":"","overlay-color":"","overlay-opacity":"","overlay-gradient":""}}},"product_brand":[],"product_cat":[74,231],"product_tag":[160,159,150],"class_list":{"0":"post-3523","1":"product","2":"type-product","3":"status-publish","4":"has-post-thumbnail","6":"product_cat-pflegeprodukte","7":"product_cat-personalhygiene","8":"product_tag-allergie","9":"product_tag-exzem","10":"product_tag-seifenunvertraeglichkeit","11":"desktop-align-center","12":"tablet-align-center","13":"mobile-align-center","14":"ast-product-gallery-layout-horizontal-slider","15":"ast-magnify-disabled","16":"ast-product-single-variable","17":"ast-product-tabs-layout-horizontal","19":"first","20":"instock","21":"taxable","22":"shipping-taxable","23":"purchasable","24":"product-type-variable"},"yoast_head":"<!-- This site is optimized with the Yoast SEO plugin v27.3 - https:\/\/yoast.com\/product\/yoast-seo-wordpress\/ -->\n<title>Wofacutan\u00ae Medicinal Waschgel - KESLA HYGIENE AG<\/title>\n<meta name=\"description\" content=\"F\u00fcr die medizinisch schonende, intensive Reinigung Ihres ganzen K\u00f6rpers, pH-hautneutral, Ohne Zusatz von Parf\u00fcm, Farbstoffen und Parabenen.\" \/>\n<meta name=\"robots\" content=\"index, follow, max-snippet:-1, max-image-preview:large, max-video-preview:-1\" \/>\n<link rel=\"canonical\" href=\"https:\/\/www.kesla.de\/en\/product-2\/wofacutan-medicinal-washing-gel\/\" \/>\n<meta property=\"og:locale\" content=\"en_GB\" \/>\n<meta property=\"og:type\" content=\"article\" \/>\n<meta property=\"og:title\" content=\"Wofacutan\u00ae Medicinal Waschgel - KESLA HYGIENE AG\" \/>\n<meta property=\"og:description\" content=\"F\u00fcr die medizinisch schonende, intensive Reinigung Ihres ganzen K\u00f6rpers, pH-hautneutral, Ohne Zusatz von Parf\u00fcm, Farbstoffen und Parabenen.\" \/>\n<meta property=\"og:url\" content=\"https:\/\/www.kesla.de\/en\/product-2\/wofacutan-medicinal-washing-gel\/\" \/>\n<meta property=\"og:site_name\" content=\"KESLA HYGIENE AG\" \/>\n<meta property=\"article:modified_time\" content=\"2026-02-10T10:13:56+00:00\" \/>\n<meta property=\"og:image\" content=\"https:\/\/www.kesla.de\/wp-content\/uploads\/Waschgel_Gruppe_1124-1024x1024.png\" \/>\n\t<meta property=\"og:image:width\" content=\"1024\" \/>\n\t<meta property=\"og:image:height\" content=\"1024\" \/>\n\t<meta property=\"og:image:type\" content=\"image\/png\" \/>\n<meta name=\"twitter:card\" content=\"summary_large_image\" \/>\n<meta name=\"twitter:label1\" content=\"Estimated reading time\" \/>\n\t<meta name=\"twitter:data1\" content=\"2 minutes\" \/>\n<script type=\"application\/ld+json\" class=\"yoast-schema-graph\">{\"@context\":\"https:\\\/\\\/schema.org\",\"@graph\":[{\"@type\":\"WebPage\",\"@id\":\"https:\\\/\\\/www.kesla.de\\\/produkt\\\/wofacutan-medicinal-waschgel\\\/\",\"url\":\"https:\\\/\\\/www.kesla.de\\\/produkt\\\/wofacutan-medicinal-waschgel\\\/\",\"name\":\"Wofacutan\u00ae Medicinal Waschgel - KESLA HYGIENE AG\",\"isPartOf\":{\"@id\":\"https:\\\/\\\/www.kesla.de\\\/#website\"},\"primaryImageOfPage\":{\"@id\":\"https:\\\/\\\/www.kesla.de\\\/produkt\\\/wofacutan-medicinal-waschgel\\\/#primaryimage\"},\"image\":{\"@id\":\"https:\\\/\\\/www.kesla.de\\\/produkt\\\/wofacutan-medicinal-waschgel\\\/#primaryimage\"},\"thumbnailUrl\":\"https:\\\/\\\/www.kesla.de\\\/wp-content\\\/uploads\\\/Waschgel_Gruppe_1124.png\",\"datePublished\":\"2023-04-03T21:01:01+00:00\",\"dateModified\":\"2026-02-10T10:13:56+00:00\",\"description\":\"F\u00fcr die medizinisch schonende, intensive Reinigung Ihres ganzen K\u00f6rpers, pH-hautneutral, Ohne Zusatz von Parf\u00fcm, Farbstoffen und Parabenen.\",\"breadcrumb\":{\"@id\":\"https:\\\/\\\/www.kesla.de\\\/produkt\\\/wofacutan-medicinal-waschgel\\\/#breadcrumb\"},\"inLanguage\":\"en-GB\",\"potentialAction\":[{\"@type\":\"ReadAction\",\"target\":[\"https:\\\/\\\/www.kesla.de\\\/produkt\\\/wofacutan-medicinal-waschgel\\\/\"]}]},{\"@type\":\"ImageObject\",\"inLanguage\":\"en-GB\",\"@id\":\"https:\\\/\\\/www.kesla.de\\\/produkt\\\/wofacutan-medicinal-waschgel\\\/#primaryimage\",\"url\":\"https:\\\/\\\/www.kesla.de\\\/wp-content\\\/uploads\\\/Waschgel_Gruppe_1124.png\",\"contentUrl\":\"https:\\\/\\\/www.kesla.de\\\/wp-content\\\/uploads\\\/Waschgel_Gruppe_1124.png\",\"width\":2480,\"height\":2480,\"caption\":\"Wofacutan Waschgel\"},{\"@type\":\"BreadcrumbList\",\"@id\":\"https:\\\/\\\/www.kesla.de\\\/produkt\\\/wofacutan-medicinal-waschgel\\\/#breadcrumb\",\"itemListElement\":[{\"@type\":\"ListItem\",\"position\":1,\"name\":\"Produkte\",\"item\":\"https:\\\/\\\/www.kesla.de\\\/produkte-2\\\/\"},{\"@type\":\"ListItem\",\"position\":2,\"name\":\"Wofacutan\u00ae Medicinal Waschgel\"}]},{\"@type\":\"WebSite\",\"@id\":\"https:\\\/\\\/www.kesla.de\\\/#website\",\"url\":\"https:\\\/\\\/www.kesla.de\\\/\",\"name\":\"kesla.de\",\"description\":\"Ihr Partner f\u00fcr professionelle Reinigung und Desinfektion\",\"publisher\":{\"@id\":\"https:\\\/\\\/www.kesla.de\\\/#organization\"},\"potentialAction\":[{\"@type\":\"SearchAction\",\"target\":{\"@type\":\"EntryPoint\",\"urlTemplate\":\"https:\\\/\\\/www.kesla.de\\\/?s={search_term_string}\"},\"query-input\":{\"@type\":\"PropertyValueSpecification\",\"valueRequired\":true,\"valueName\":\"search_term_string\"}}],\"inLanguage\":\"en-GB\"},{\"@type\":\"Organization\",\"@id\":\"https:\\\/\\\/www.kesla.de\\\/#organization\",\"name\":\"kesla.de\",\"url\":\"https:\\\/\\\/www.kesla.de\\\/\",\"logo\":{\"@type\":\"ImageObject\",\"inLanguage\":\"en-GB\",\"@id\":\"https:\\\/\\\/www.kesla.de\\\/#\\\/schema\\\/logo\\\/image\\\/\",\"url\":\"https:\\\/\\\/www.kesla.de\\\/wp-content\\\/uploads\\\/Kesla-Logo-2020-scaled.png\",\"contentUrl\":\"https:\\\/\\\/www.kesla.de\\\/wp-content\\\/uploads\\\/Kesla-Logo-2020-scaled.png\",\"width\":2560,\"height\":958,\"caption\":\"kesla.de\"},\"image\":{\"@id\":\"https:\\\/\\\/www.kesla.de\\\/#\\\/schema\\\/logo\\\/image\\\/\"}}]}<\/script>\n<!-- \/ Yoast SEO plugin. -->","yoast_head_json":{"title":"Wofacutan\u00ae Medicinal washing gel - KESLA HYGIENE AG","description":"for medically gentle, intensive cleansing of your entire body, pH skin neutral. Without added perfume, dyes and parabens.","robots":{"index":"index","follow":"follow","max-snippet":"max-snippet:-1","max-image-preview":"max-image-preview:large","max-video-preview":"max-video-preview:-1"},"canonical":"https:\/\/www.kesla.de\/en\/product-2\/wofacutan-medicinal-washing-gel\/","og_locale":"en_GB","og_type":"article","og_title":"Wofacutan\u00ae Medicinal Waschgel - KESLA HYGIENE AG","og_description":"F\u00fcr die medizinisch schonende, intensive Reinigung Ihres ganzen K\u00f6rpers, pH-hautneutral, Ohne Zusatz von Parf\u00fcm, Farbstoffen und Parabenen.","og_url":"https:\/\/www.kesla.de\/en\/product-2\/wofacutan-medicinal-washing-gel\/","og_site_name":"KESLA HYGIENE AG","article_modified_time":"2026-02-10T10:13:56+00:00","og_image":[{"width":1024,"height":1024,"url":"https:\/\/www.kesla.de\/wp-content\/uploads\/Waschgel_Gruppe_1124-1024x1024.png","type":"image\/png"}],"twitter_card":"summary_large_image","twitter_misc":{"Estimated reading time":"2 minutes"},"schema":{"@context":"https:\/\/schema.org","@graph":[{"@type":"WebPage","@id":"https:\/\/www.kesla.de\/produkt\/wofacutan-medicinal-waschgel\/","url":"https:\/\/www.kesla.de\/produkt\/wofacutan-medicinal-waschgel\/","name":"Wofacutan\u00ae Medicinal washing gel - KESLA HYGIENE AG","isPartOf":{"@id":"https:\/\/www.kesla.de\/#website"},"primaryImageOfPage":{"@id":"https:\/\/www.kesla.de\/produkt\/wofacutan-medicinal-waschgel\/#primaryimage"},"image":{"@id":"https:\/\/www.kesla.de\/produkt\/wofacutan-medicinal-waschgel\/#primaryimage"},"thumbnailUrl":"https:\/\/www.kesla.de\/wp-content\/uploads\/Waschgel_Gruppe_1124.png","datePublished":"2023-04-03T21:01:01+00:00","dateModified":"2026-02-10T10:13:56+00:00","description":"for medically gentle, intensive cleansing of your entire body, pH skin neutral. Without added perfume, dyes and parabens.","breadcrumb":{"@id":"https:\/\/www.kesla.de\/produkt\/wofacutan-medicinal-waschgel\/#breadcrumb"},"inLanguage":"en-GB","potentialAction":[{"@type":"ReadAction","target":["https:\/\/www.kesla.de\/produkt\/wofacutan-medicinal-waschgel\/"]}]},{"@type":"ImageObject","inLanguage":"en-GB","@id":"https:\/\/www.kesla.de\/produkt\/wofacutan-medicinal-waschgel\/#primaryimage","url":"https:\/\/www.kesla.de\/wp-content\/uploads\/Waschgel_Gruppe_1124.png","contentUrl":"https:\/\/www.kesla.de\/wp-content\/uploads\/Waschgel_Gruppe_1124.png","width":2480,"height":2480,"caption":"Wofacutan Waschgel"},{"@type":"BreadcrumbList","@id":"https:\/\/www.kesla.de\/produkt\/wofacutan-medicinal-waschgel\/#breadcrumb","itemListElement":[{"@type":"ListItem","position":1,"name":"Produkte","item":"https:\/\/www.kesla.de\/produkte-2\/"},{"@type":"ListItem","position":2,"name":"Wofacutan\u00ae Medicinal Waschgel"}]},{"@type":"WebSite","@id":"https:\/\/www.kesla.de\/#website","url":"https:\/\/www.kesla.de\/","name":"kesla.de","description":"Your partner for professional cleaning and disinfection","publisher":{"@id":"https:\/\/www.kesla.de\/#organization"},"potentialAction":[{"@type":"SearchAction","target":{"@type":"EntryPoint","urlTemplate":"https:\/\/www.kesla.de\/?s={search_term_string}"},"query-input":{"@type":"PropertyValueSpecification","valueRequired":true,"valueName":"search_term_string"}}],"inLanguage":"en-GB"},{"@type":"Organization","@id":"https:\/\/www.kesla.de\/#organization","name":"kesla.de","url":"https:\/\/www.kesla.de\/","logo":{"@type":"ImageObject","inLanguage":"en-GB","@id":"https:\/\/www.kesla.de\/#\/schema\/logo\/image\/","url":"https:\/\/www.kesla.de\/wp-content\/uploads\/Kesla-Logo-2020-scaled.png","contentUrl":"https:\/\/www.kesla.de\/wp-content\/uploads\/Kesla-Logo-2020-scaled.png","width":2560,"height":958,"caption":"kesla.de"},"image":{"@id":"https:\/\/www.kesla.de\/#\/schema\/logo\/image\/"}}]}},"uagb_featured_image_src":{"full":["https:\/\/www.kesla.de\/wp-content\/uploads\/Waschgel_Gruppe_1124.png",2480,2480,false],"thumbnail":["https:\/\/www.kesla.de\/wp-content\/uploads\/Waschgel_Gruppe_1124-300x300.png",300,300,true],"medium":["https:\/\/www.kesla.de\/wp-content\/uploads\/Waschgel_Gruppe_1124-600x600.png",600,600,true],"medium_large":["https:\/\/www.kesla.de\/wp-content\/uploads\/Waschgel_Gruppe_1124-768x768.png",768,768,true],"large":["https:\/\/www.kesla.de\/wp-content\/uploads\/Waschgel_Gruppe_1124-1024x1024.png",1024,1024,true],"1536x1536":["https:\/\/www.kesla.de\/wp-content\/uploads\/Waschgel_Gruppe_1124-1536x1536.png",1536,1536,true],"2048x2048":["https:\/\/www.kesla.de\/wp-content\/uploads\/Waschgel_Gruppe_1124-2048x2048.png",2048,2048,true],"trp-custom-language-flag":["https:\/\/www.kesla.de\/wp-content\/uploads\/Waschgel_Gruppe_1124-12x12.png",12,12,true],"woocommerce_thumbnail":["https:\/\/www.kesla.de\/wp-content\/uploads\/Waschgel_Gruppe_1124-600x600.png",600,600,true],"woocommerce_single":["https:\/\/www.kesla.de\/wp-content\/uploads\/Waschgel_Gruppe_1124-1200x1200.png",1200,1200,true],"woocommerce_gallery_thumbnail":["https:\/\/www.kesla.de\/wp-content\/uploads\/Waschgel_Gruppe_1124-100x100.png",100,100,true]},"uagb_author_info":{"display_name":"AH","author_link":"https:\/\/www.kesla.de\/en\/author\/"},"uagb_comment_info":19,"uagb_excerpt":"fu\u0308r die milde und seifenfreie Reinigung des gesamten K\u00f6rpers. Wofacutan\u00ae Medicinal Waschgel ist fu\u0308r alle Hauttypen geeignet. Es ist pH-hautneutral und wird auch von Allergikern sehr gesch\u00e4tzt. Ohne Zusatz von Parf\u00fcm, Farbstoffen und Parabenen. &nbsp; &nbsp;","_links":{"self":[{"href":"https:\/\/www.kesla.de\/en\/wp-json\/wp\/v2\/product\/3523","targetHints":{"allow":["GET"]}}],"collection":[{"href":"https:\/\/www.kesla.de\/en\/wp-json\/wp\/v2\/product"}],"about":[{"href":"https:\/\/www.kesla.de\/en\/wp-json\/wp\/v2\/types\/product"}],"wp:featuredmedia":[{"embeddable":true,"href":"https:\/\/www.kesla.de\/en\/wp-json\/wp\/v2\/media\/11345"}],"wp:attachment":[{"href":"https:\/\/www.kesla.de\/en\/wp-json\/wp\/v2\/media?parent=3523"}],"wp:term":[{"taxonomy":"product_brand","embeddable":true,"href":"https:\/\/www.kesla.de\/en\/wp-json\/wp\/v2\/product_brand?post=3523"},{"taxonomy":"product_cat","embeddable":true,"href":"https:\/\/www.kesla.de\/en\/wp-json\/wp\/v2\/product_cat?post=3523"},{"taxonomy":"product_tag","embeddable":true,"href":"https:\/\/www.kesla.de\/en\/wp-json\/wp\/v2\/product_tag?post=3523"}],"curies":[{"name":"wp","href":"https:\/\/api.w.org\/{rel}","templated":true}]}}