{"id":3921,"date":"2023-04-11T14:28:46","date_gmt":"2023-04-11T12:28:46","guid":{"rendered":"https:\/\/www.kesla.de\/?post_type=product&#038;p=3921"},"modified":"2026-02-10T11:53:56","modified_gmt":"2026-02-10T10:53:56","slug":"wofacutan-moisturising-cream","status":"publish","type":"product","link":"https:\/\/www.kesla.de\/en\/produkt\/wofacutan-feuchtigkeitscreme\/","title":{"rendered":"Wofacutan<sup>\u00ae<\/sup> Moisturising Cream"},"content":{"rendered":"<p><strong>Well proven - for over 65 years.<\/strong><\/p>\n<p><img loading=\"lazy\" decoding=\"async\" class=\"alignnone wp-image-4991 size-medium\" src=\"https:\/\/www.kesla.de\/wp-content\/uploads\/Wofacutanlogo_Feuchtigkeitslotion-300x43.png\" alt=\"\" width=\"300\" height=\"43\" srcset=\"https:\/\/www.kesla.de\/wp-content\/uploads\/Wofacutanlogo_Feuchtigkeitslotion-300x43.png 300w, https:\/\/www.kesla.de\/wp-content\/uploads\/Wofacutanlogo_Feuchtigkeitslotion-18x3.png 18w, https:\/\/www.kesla.de\/wp-content\/uploads\/Wofacutanlogo_Feuchtigkeitslotion.png 591w\" sizes=\"auto, (max-width: 300px) 100vw, 300px\" \/><\/p>\n<h1><span style=\"color: #2b347c;\">Moisturising Cream<\/span><\/h1>\n<p>with 10% urea<\/p>\n<p>Sensitive skin needs particularly gentle care.<\/p>\n<p><strong>Wofacutan\u00ae <\/strong><strong>Moisturising Cream<\/strong> sustainably soothes stressed, dry, flaky and itchy skin, naturally regenerates your skin's water retention capacity and restores its balance with highly dosed urea.<\/p>\n<p>The feeling of tension is significantly reduced.<\/p>\n<p>The combination of jojoba oil and vitamin E provides your skin with nutrients and care substances. Your skin becomes sympathetically soft and supple.<\/p>\n<p>Ideal for dry and cracked skin, especially for diabetics with a dried-out skin structure (\"diabetic foot\").<\/p>\n<p><strong>Application:<br \/>\n<\/strong><strong>Wofacutan\u00ae <\/strong><strong>Moisturising Cream<\/strong> apply sparingly and massage in several times a day as needed:<\/p>\n<ul>\n<li>for skin care for seniors and in the care of the sick,<\/li>\n<li>after bath, sauna, shower,<\/li>\n<li>for the care of the feet<\/li>\n<\/ul>\n<p class=\"p1\"><b>TIP:\u00a0<\/b><strong>Wofacutan\u00ae Moisturising cream<\/strong> is very productive. Therefore, we recommend applying the cream sparingly.<\/p>\n<p><strong>Without added perfume, dyes and parabens.<\/strong><\/p>\n<hr \/>\n<p><strong>Note:<\/strong> This product can also be ordered in our <a href=\"https:\/\/wofacutan.de\/shop\/wofacutan-feuchtigkeitscreme\/\" target=\"_blank\" rel=\"noopener\"><strong><span style=\"color: #89c5ff;\">WOFACUTAN-SHOP<\/span><\/strong><\/a> .<\/p>\n<p>&nbsp;<\/p>","protected":false},"excerpt":{"rendered":"<p class=\"p1\">Soothes and nourishes stressed, dry, flaky, and itchy skin for lasting comfort and care.<\/p>\n<p><strong>Without added perfume, dyes and parabens.<\/strong><\/p>\n<p>&nbsp;<\/p>\n<p>&nbsp;<\/p>","protected":false},"featured_media":11347,"template":"","meta":{"_uag_custom_page_level_css":"","site-sidebar-layout":"default","site-content-layout":"default","ast-site-content-layout":"default","site-content-style":"default","site-sidebar-style":"default","ast-global-header-display":"","ast-banner-title-visibility":"","ast-main-header-display":"","ast-hfb-above-header-display":"","ast-hfb-below-header-display":"","ast-hfb-mobile-header-display":"","site-post-title":"","ast-breadcrumbs-content":"","ast-featured-img":"","footer-sml-layout":"","ast-disable-related-posts":"","theme-transparent-header-meta":"default","adv-header-id-meta":"","stick-header-meta":"default","header-above-stick-meta":"","header-main-stick-meta":"","header-below-stick-meta":"","astra-migrate-meta-layouts":"set","ast-page-background-enabled":"default","ast-page-background-meta":{"desktop":{"background-color":"var(--ast-global-color-4)","background-image":"","background-repeat":"repeat","background-position":"center center","background-size":"auto","background-attachment":"scroll","background-type":"","background-media":"","overlay-type":"","overlay-color":"","overlay-opacity":"","overlay-gradient":""},"tablet":{"background-color":"","background-image":"","background-repeat":"repeat","background-position":"center center","background-size":"auto","background-attachment":"scroll","background-type":"","background-media":"","overlay-type":"","overlay-color":"","overlay-opacity":"","overlay-gradient":""},"mobile":{"background-color":"","background-image":"","background-repeat":"repeat","background-position":"center center","background-size":"auto","background-attachment":"scroll","background-type":"","background-media":"","overlay-type":"","overlay-color":"","overlay-opacity":"","overlay-gradient":""}},"ast-content-background-meta":{"desktop":{"background-color":"var(--ast-global-color-5)","background-image":"","background-repeat":"repeat","background-position":"center center","background-size":"auto","background-attachment":"scroll","background-type":"","background-media":"","overlay-type":"","overlay-color":"","overlay-opacity":"","overlay-gradient":""},"tablet":{"background-color":"var(--ast-global-color-5)","background-image":"","background-repeat":"repeat","background-position":"center center","background-size":"auto","background-attachment":"scroll","background-type":"","background-media":"","overlay-type":"","overlay-color":"","overlay-opacity":"","overlay-gradient":""},"mobile":{"background-color":"var(--ast-global-color-5)","background-image":"","background-repeat":"repeat","background-position":"center center","background-size":"auto","background-attachment":"scroll","background-type":"","background-media":"","overlay-type":"","overlay-color":"","overlay-opacity":"","overlay-gradient":""}}},"product_brand":[],"product_cat":[74,231],"product_tag":[160,159],"class_list":{"0":"post-3921","1":"product","2":"type-product","3":"status-publish","4":"has-post-thumbnail","6":"product_cat-pflegeprodukte","7":"product_cat-personalhygiene","8":"product_tag-allergie","9":"product_tag-exzem","10":"desktop-align-center","11":"tablet-align-center","12":"mobile-align-center","13":"ast-product-gallery-layout-horizontal-slider","14":"ast-magnify-disabled","15":"ast-product-single-variable","16":"ast-product-tabs-layout-horizontal","18":"first","19":"instock","20":"taxable","21":"shipping-taxable","22":"purchasable","23":"product-type-variable"},"yoast_head":"<!-- This site is optimized with the Yoast SEO plugin v27.3 - https:\/\/yoast.com\/product\/yoast-seo-wordpress\/ -->\n<title>Wofacutan\u00ae Feuchtigkeitscreme - KESLA HYGIENE AG<\/title>\n<meta name=\"description\" content=\"regeneriert das Wasserr\u00fcckhalteverm\u00f6gen Ihrer Haut und stellt durch hochdosiertes Urea ihr Gleichgewicht wieder her, ohne Zusatz von Parf\u00fcm, Farbstoffen und Parabenen.\" \/>\n<meta name=\"robots\" content=\"index, follow, max-snippet:-1, max-image-preview:large, max-video-preview:-1\" \/>\n<link rel=\"canonical\" href=\"https:\/\/www.kesla.de\/en\/product-2\/wofacutan-moisturising-cream\/\" \/>\n<meta property=\"og:locale\" content=\"en_GB\" \/>\n<meta property=\"og:type\" content=\"article\" \/>\n<meta property=\"og:title\" content=\"Wofacutan\u00ae Feuchtigkeitscreme - KESLA HYGIENE AG\" \/>\n<meta property=\"og:description\" content=\"regeneriert das Wasserr\u00fcckhalteverm\u00f6gen Ihrer Haut und stellt durch hochdosiertes Urea ihr Gleichgewicht wieder her, ohne Zusatz von Parf\u00fcm, Farbstoffen und Parabenen.\" \/>\n<meta property=\"og:url\" content=\"https:\/\/www.kesla.de\/en\/product-2\/wofacutan-moisturising-cream\/\" \/>\n<meta property=\"og:site_name\" content=\"KESLA HYGIENE AG\" \/>\n<meta property=\"article:modified_time\" content=\"2026-02-10T10:53:56+00:00\" \/>\n<meta property=\"og:image\" content=\"https:\/\/www.kesla.de\/wp-content\/uploads\/Feuchtigkeitscreme_IMG_8358_1025_freigestellt_.png\" \/>\n\t<meta property=\"og:image:width\" content=\"1240\" \/>\n\t<meta property=\"og:image:height\" content=\"1240\" \/>\n\t<meta property=\"og:image:type\" content=\"image\/png\" \/>\n<meta name=\"twitter:card\" content=\"summary_large_image\" \/>\n<meta name=\"twitter:label1\" content=\"Estimated reading time\" \/>\n\t<meta name=\"twitter:data1\" content=\"2 minutes\" \/>\n<script type=\"application\/ld+json\" class=\"yoast-schema-graph\">{\"@context\":\"https:\\\/\\\/schema.org\",\"@graph\":[{\"@type\":\"WebPage\",\"@id\":\"https:\\\/\\\/www.kesla.de\\\/produkt\\\/wofacutan-feuchtigkeitscreme\\\/\",\"url\":\"https:\\\/\\\/www.kesla.de\\\/produkt\\\/wofacutan-feuchtigkeitscreme\\\/\",\"name\":\"Wofacutan\u00ae Feuchtigkeitscreme - KESLA HYGIENE AG\",\"isPartOf\":{\"@id\":\"https:\\\/\\\/www.kesla.de\\\/#website\"},\"primaryImageOfPage\":{\"@id\":\"https:\\\/\\\/www.kesla.de\\\/produkt\\\/wofacutan-feuchtigkeitscreme\\\/#primaryimage\"},\"image\":{\"@id\":\"https:\\\/\\\/www.kesla.de\\\/produkt\\\/wofacutan-feuchtigkeitscreme\\\/#primaryimage\"},\"thumbnailUrl\":\"https:\\\/\\\/www.kesla.de\\\/wp-content\\\/uploads\\\/Feuchtigkeitscreme_IMG_8358_1025_freigestellt_.png\",\"datePublished\":\"2023-04-11T12:28:46+00:00\",\"dateModified\":\"2026-02-10T10:53:56+00:00\",\"description\":\"regeneriert das Wasserr\u00fcckhalteverm\u00f6gen Ihrer Haut und stellt durch hochdosiertes Urea ihr Gleichgewicht wieder her, ohne Zusatz von Parf\u00fcm, Farbstoffen und Parabenen.\",\"breadcrumb\":{\"@id\":\"https:\\\/\\\/www.kesla.de\\\/produkt\\\/wofacutan-feuchtigkeitscreme\\\/#breadcrumb\"},\"inLanguage\":\"en-GB\",\"potentialAction\":[{\"@type\":\"ReadAction\",\"target\":[\"https:\\\/\\\/www.kesla.de\\\/produkt\\\/wofacutan-feuchtigkeitscreme\\\/\"]}]},{\"@type\":\"ImageObject\",\"inLanguage\":\"en-GB\",\"@id\":\"https:\\\/\\\/www.kesla.de\\\/produkt\\\/wofacutan-feuchtigkeitscreme\\\/#primaryimage\",\"url\":\"https:\\\/\\\/www.kesla.de\\\/wp-content\\\/uploads\\\/Feuchtigkeitscreme_IMG_8358_1025_freigestellt_.png\",\"contentUrl\":\"https:\\\/\\\/www.kesla.de\\\/wp-content\\\/uploads\\\/Feuchtigkeitscreme_IMG_8358_1025_freigestellt_.png\",\"width\":1240,\"height\":1240,\"caption\":\"Wofacutan Feuchtigkeitscreme\"},{\"@type\":\"BreadcrumbList\",\"@id\":\"https:\\\/\\\/www.kesla.de\\\/produkt\\\/wofacutan-feuchtigkeitscreme\\\/#breadcrumb\",\"itemListElement\":[{\"@type\":\"ListItem\",\"position\":1,\"name\":\"Produkte\",\"item\":\"https:\\\/\\\/www.kesla.de\\\/produkte-2\\\/\"},{\"@type\":\"ListItem\",\"position\":2,\"name\":\"Wofacutan\u00ae Feuchtigkeitscreme\"}]},{\"@type\":\"WebSite\",\"@id\":\"https:\\\/\\\/www.kesla.de\\\/#website\",\"url\":\"https:\\\/\\\/www.kesla.de\\\/\",\"name\":\"kesla.de\",\"description\":\"Ihr Partner f\u00fcr professionelle Reinigung und Desinfektion\",\"publisher\":{\"@id\":\"https:\\\/\\\/www.kesla.de\\\/#organization\"},\"potentialAction\":[{\"@type\":\"SearchAction\",\"target\":{\"@type\":\"EntryPoint\",\"urlTemplate\":\"https:\\\/\\\/www.kesla.de\\\/?s={search_term_string}\"},\"query-input\":{\"@type\":\"PropertyValueSpecification\",\"valueRequired\":true,\"valueName\":\"search_term_string\"}}],\"inLanguage\":\"en-GB\"},{\"@type\":\"Organization\",\"@id\":\"https:\\\/\\\/www.kesla.de\\\/#organization\",\"name\":\"kesla.de\",\"url\":\"https:\\\/\\\/www.kesla.de\\\/\",\"logo\":{\"@type\":\"ImageObject\",\"inLanguage\":\"en-GB\",\"@id\":\"https:\\\/\\\/www.kesla.de\\\/#\\\/schema\\\/logo\\\/image\\\/\",\"url\":\"https:\\\/\\\/www.kesla.de\\\/wp-content\\\/uploads\\\/Kesla-Logo-2020-scaled.png\",\"contentUrl\":\"https:\\\/\\\/www.kesla.de\\\/wp-content\\\/uploads\\\/Kesla-Logo-2020-scaled.png\",\"width\":2560,\"height\":958,\"caption\":\"kesla.de\"},\"image\":{\"@id\":\"https:\\\/\\\/www.kesla.de\\\/#\\\/schema\\\/logo\\\/image\\\/\"}}]}<\/script>\n<!-- \/ Yoast SEO plugin. -->","yoast_head_json":{"title":"Wofacutan\u00ae Moisturising cream - KESLA HYGIENE AG","description":"regeneriert das Wasserr\u00fcckhalteverm\u00f6gen Ihrer Haut und stellt durch hochdosiertes Urea ihr Gleichgewicht wieder her, ohne Zusatz von Parf\u00fcm, Farbstoffen und Parabenen.","robots":{"index":"index","follow":"follow","max-snippet":"max-snippet:-1","max-image-preview":"max-image-preview:large","max-video-preview":"max-video-preview:-1"},"canonical":"https:\/\/www.kesla.de\/en\/product-2\/wofacutan-moisturising-cream\/","og_locale":"en_GB","og_type":"article","og_title":"Wofacutan\u00ae Feuchtigkeitscreme - KESLA HYGIENE AG","og_description":"regeneriert das Wasserr\u00fcckhalteverm\u00f6gen Ihrer Haut und stellt durch hochdosiertes Urea ihr Gleichgewicht wieder her, ohne Zusatz von Parf\u00fcm, Farbstoffen und Parabenen.","og_url":"https:\/\/www.kesla.de\/en\/product-2\/wofacutan-moisturising-cream\/","og_site_name":"KESLA HYGIENE AG","article_modified_time":"2026-02-10T10:53:56+00:00","og_image":[{"width":1240,"height":1240,"url":"https:\/\/www.kesla.de\/wp-content\/uploads\/Feuchtigkeitscreme_IMG_8358_1025_freigestellt_.png","type":"image\/png"}],"twitter_card":"summary_large_image","twitter_misc":{"Estimated reading time":"2 minutes"},"schema":{"@context":"https:\/\/schema.org","@graph":[{"@type":"WebPage","@id":"https:\/\/www.kesla.de\/produkt\/wofacutan-feuchtigkeitscreme\/","url":"https:\/\/www.kesla.de\/produkt\/wofacutan-feuchtigkeitscreme\/","name":"Wofacutan\u00ae Moisturising cream - KESLA HYGIENE AG","isPartOf":{"@id":"https:\/\/www.kesla.de\/#website"},"primaryImageOfPage":{"@id":"https:\/\/www.kesla.de\/produkt\/wofacutan-feuchtigkeitscreme\/#primaryimage"},"image":{"@id":"https:\/\/www.kesla.de\/produkt\/wofacutan-feuchtigkeitscreme\/#primaryimage"},"thumbnailUrl":"https:\/\/www.kesla.de\/wp-content\/uploads\/Feuchtigkeitscreme_IMG_8358_1025_freigestellt_.png","datePublished":"2023-04-11T12:28:46+00:00","dateModified":"2026-02-10T10:53:56+00:00","description":"regeneriert das Wasserr\u00fcckhalteverm\u00f6gen Ihrer Haut und stellt durch hochdosiertes Urea ihr Gleichgewicht wieder her, ohne Zusatz von Parf\u00fcm, Farbstoffen und Parabenen.","breadcrumb":{"@id":"https:\/\/www.kesla.de\/produkt\/wofacutan-feuchtigkeitscreme\/#breadcrumb"},"inLanguage":"en-GB","potentialAction":[{"@type":"ReadAction","target":["https:\/\/www.kesla.de\/produkt\/wofacutan-feuchtigkeitscreme\/"]}]},{"@type":"ImageObject","inLanguage":"en-GB","@id":"https:\/\/www.kesla.de\/produkt\/wofacutan-feuchtigkeitscreme\/#primaryimage","url":"https:\/\/www.kesla.de\/wp-content\/uploads\/Feuchtigkeitscreme_IMG_8358_1025_freigestellt_.png","contentUrl":"https:\/\/www.kesla.de\/wp-content\/uploads\/Feuchtigkeitscreme_IMG_8358_1025_freigestellt_.png","width":1240,"height":1240,"caption":"Wofacutan Feuchtigkeitscreme"},{"@type":"BreadcrumbList","@id":"https:\/\/www.kesla.de\/produkt\/wofacutan-feuchtigkeitscreme\/#breadcrumb","itemListElement":[{"@type":"ListItem","position":1,"name":"Produkte","item":"https:\/\/www.kesla.de\/produkte-2\/"},{"@type":"ListItem","position":2,"name":"Wofacutan\u00ae Feuchtigkeitscreme"}]},{"@type":"WebSite","@id":"https:\/\/www.kesla.de\/#website","url":"https:\/\/www.kesla.de\/","name":"kesla.de","description":"Your partner for professional cleaning and disinfection","publisher":{"@id":"https:\/\/www.kesla.de\/#organization"},"potentialAction":[{"@type":"SearchAction","target":{"@type":"EntryPoint","urlTemplate":"https:\/\/www.kesla.de\/?s={search_term_string}"},"query-input":{"@type":"PropertyValueSpecification","valueRequired":true,"valueName":"search_term_string"}}],"inLanguage":"en-GB"},{"@type":"Organization","@id":"https:\/\/www.kesla.de\/#organization","name":"kesla.de","url":"https:\/\/www.kesla.de\/","logo":{"@type":"ImageObject","inLanguage":"en-GB","@id":"https:\/\/www.kesla.de\/#\/schema\/logo\/image\/","url":"https:\/\/www.kesla.de\/wp-content\/uploads\/Kesla-Logo-2020-scaled.png","contentUrl":"https:\/\/www.kesla.de\/wp-content\/uploads\/Kesla-Logo-2020-scaled.png","width":2560,"height":958,"caption":"kesla.de"},"image":{"@id":"https:\/\/www.kesla.de\/#\/schema\/logo\/image\/"}}]}},"uagb_featured_image_src":{"full":["https:\/\/www.kesla.de\/wp-content\/uploads\/Feuchtigkeitscreme_IMG_8358_1025_freigestellt_.png",1240,1240,false],"thumbnail":["https:\/\/www.kesla.de\/wp-content\/uploads\/Feuchtigkeitscreme_IMG_8358_1025_freigestellt_-300x300.png",300,300,true],"medium":["https:\/\/www.kesla.de\/wp-content\/uploads\/Feuchtigkeitscreme_IMG_8358_1025_freigestellt_-600x600.png",600,600,true],"medium_large":["https:\/\/www.kesla.de\/wp-content\/uploads\/Feuchtigkeitscreme_IMG_8358_1025_freigestellt_-768x768.png",768,768,true],"large":["https:\/\/www.kesla.de\/wp-content\/uploads\/Feuchtigkeitscreme_IMG_8358_1025_freigestellt_-1024x1024.png",1024,1024,true],"1536x1536":["https:\/\/www.kesla.de\/wp-content\/uploads\/Feuchtigkeitscreme_IMG_8358_1025_freigestellt_.png",1240,1240,false],"2048x2048":["https:\/\/www.kesla.de\/wp-content\/uploads\/Feuchtigkeitscreme_IMG_8358_1025_freigestellt_.png",1240,1240,false],"trp-custom-language-flag":["https:\/\/www.kesla.de\/wp-content\/uploads\/Feuchtigkeitscreme_IMG_8358_1025_freigestellt_-12x12.png",12,12,true],"woocommerce_thumbnail":["https:\/\/www.kesla.de\/wp-content\/uploads\/Feuchtigkeitscreme_IMG_8358_1025_freigestellt_-600x600.png",600,600,true],"woocommerce_single":["https:\/\/www.kesla.de\/wp-content\/uploads\/Feuchtigkeitscreme_IMG_8358_1025_freigestellt_-1200x1200.png",1200,1200,true],"woocommerce_gallery_thumbnail":["https:\/\/www.kesla.de\/wp-content\/uploads\/Feuchtigkeitscreme_IMG_8358_1025_freigestellt_-100x100.png",100,100,true]},"uagb_author_info":{"display_name":"AH","author_link":"https:\/\/www.kesla.de\/en\/author\/"},"uagb_comment_info":16,"uagb_excerpt":"beruhigt strapazierte, trockene, schuppige und juckende Haut nachhaltig. Ohne Zusatz von Parf\u00fcm, Farbstoffen und Parabenen. &nbsp; &nbsp;","_links":{"self":[{"href":"https:\/\/www.kesla.de\/en\/wp-json\/wp\/v2\/product\/3921","targetHints":{"allow":["GET"]}}],"collection":[{"href":"https:\/\/www.kesla.de\/en\/wp-json\/wp\/v2\/product"}],"about":[{"href":"https:\/\/www.kesla.de\/en\/wp-json\/wp\/v2\/types\/product"}],"wp:featuredmedia":[{"embeddable":true,"href":"https:\/\/www.kesla.de\/en\/wp-json\/wp\/v2\/media\/11347"}],"wp:attachment":[{"href":"https:\/\/www.kesla.de\/en\/wp-json\/wp\/v2\/media?parent=3921"}],"wp:term":[{"taxonomy":"product_brand","embeddable":true,"href":"https:\/\/www.kesla.de\/en\/wp-json\/wp\/v2\/product_brand?post=3921"},{"taxonomy":"product_cat","embeddable":true,"href":"https:\/\/www.kesla.de\/en\/wp-json\/wp\/v2\/product_cat?post=3921"},{"taxonomy":"product_tag","embeddable":true,"href":"https:\/\/www.kesla.de\/en\/wp-json\/wp\/v2\/product_tag?post=3921"}],"curies":[{"name":"wp","href":"https:\/\/api.w.org\/{rel}","templated":true}]}}