{"id":3926,"date":"2023-04-11T14:46:26","date_gmt":"2023-04-11T12:46:26","guid":{"rendered":"https:\/\/www.kesla.de\/?post_type=product&#038;p=3926"},"modified":"2025-08-06T12:00:46","modified_gmt":"2025-08-06T10:00:46","slug":"wofaclean-hand-dishwashing-detergent","status":"publish","type":"product","link":"https:\/\/www.kesla.de\/en\/produkt\/wofaclean-handgeschirrspuelmittel\/","title":{"rendered":"Wofaclean Hand Dishwashing Detergent"},"content":{"rendered":"<p><strong>Well proven - for over 65 years.<\/strong><\/p>\n<p><img loading=\"lazy\" decoding=\"async\" class=\"alignnone wp-image-3934 size-medium\" src=\"https:\/\/www.kesla.de\/wp-content\/uploads\/Wofaclean-300x42.png\" alt=\"\" width=\"300\" height=\"42\" srcset=\"https:\/\/www.kesla.de\/wp-content\/uploads\/Wofaclean-300x42.png 300w, https:\/\/www.kesla.de\/wp-content\/uploads\/Wofaclean-1024x145.png 1024w, https:\/\/www.kesla.de\/wp-content\/uploads\/Wofaclean-768x109.png 768w, https:\/\/www.kesla.de\/wp-content\/uploads\/Wofaclean-1200x170.png 1200w, https:\/\/www.kesla.de\/wp-content\/uploads\/Wofaclean.png 1264w\" sizes=\"auto, (max-width: 300px) 100vw, 300px\" \/><\/p>\n<h1><span style=\"color: #2b347c;\">Hand dishwashing detergent<\/span><\/h1>\n<p class=\"p1\">with the unique combination of skin-mild substances and intensive cleansing power.<\/p>\n<p class=\"p1\"><b>Wofacl<strong>ean Handgeschirrsp\u00fclmittel<\/strong><\/b> is the mild alternative for irritated, sensitive and highly stressed skin.<\/p>\n<p class=\"p1\"><b>Application:<br \/>\n<\/b><\/p>\n<p>A perfect helper in your kitchen, Wofaclean\u00ae is extremely productive.<\/p>\n<p>Just a few squirts of Wofaclean\u00ae remove soiling and ensure a radiant shine.<\/p>\n<p>&nbsp;<\/p>\n<p><strong>Without added colourings and preservatives.<br \/>\n<\/strong><\/p>\n<hr \/>\n<p><strong>Note:<\/strong> This product can also be ordered in our <span style=\"color: #89c5ff;\"><a style=\"color: #89c5ff;\" href=\"https:\/\/wofacutan.de\/shop\/wofaclean-handgeschirrspuelmittel\/\" target=\"_blank\" rel=\"noopener\"><strong>WOFACUTAN-SHOP<\/strong><\/a> <\/span>.<\/p>\n<p>&nbsp;<\/p>","protected":false},"excerpt":{"rendered":"<p class=\"p1\">is the mild alternative for irritated, sensitive and highly stressed skin.<\/p>\n<p>&nbsp;<\/p>\n<p><strong>Without added colourings and preservatives.<\/strong><\/p>\n<p>&nbsp;<\/p>\n<p>&nbsp;<\/p>","protected":false},"featured_media":3569,"template":"","meta":{"_uag_custom_page_level_css":"","site-sidebar-layout":"default","site-content-layout":"default","ast-site-content-layout":"default","site-content-style":"default","site-sidebar-style":"default","ast-global-header-display":"","ast-banner-title-visibility":"","ast-main-header-display":"","ast-hfb-above-header-display":"","ast-hfb-below-header-display":"","ast-hfb-mobile-header-display":"","site-post-title":"","ast-breadcrumbs-content":"","ast-featured-img":"","footer-sml-layout":"","ast-disable-related-posts":"","theme-transparent-header-meta":"default","adv-header-id-meta":"","stick-header-meta":"default","header-above-stick-meta":"","header-main-stick-meta":"","header-below-stick-meta":"","astra-migrate-meta-layouts":"set","ast-page-background-enabled":"default","ast-page-background-meta":{"desktop":{"background-color":"var(--ast-global-color-4)","background-image":"","background-repeat":"repeat","background-position":"center center","background-size":"auto","background-attachment":"scroll","background-type":"","background-media":"","overlay-type":"","overlay-color":"","overlay-opacity":"","overlay-gradient":""},"tablet":{"background-color":"","background-image":"","background-repeat":"repeat","background-position":"center center","background-size":"auto","background-attachment":"scroll","background-type":"","background-media":"","overlay-type":"","overlay-color":"","overlay-opacity":"","overlay-gradient":""},"mobile":{"background-color":"","background-image":"","background-repeat":"repeat","background-position":"center center","background-size":"auto","background-attachment":"scroll","background-type":"","background-media":"","overlay-type":"","overlay-color":"","overlay-opacity":"","overlay-gradient":""}},"ast-content-background-meta":{"desktop":{"background-color":"var(--ast-global-color-5)","background-image":"","background-repeat":"repeat","background-position":"center center","background-size":"auto","background-attachment":"scroll","background-type":"","background-media":"","overlay-type":"","overlay-color":"","overlay-opacity":"","overlay-gradient":""},"tablet":{"background-color":"var(--ast-global-color-5)","background-image":"","background-repeat":"repeat","background-position":"center center","background-size":"auto","background-attachment":"scroll","background-type":"","background-media":"","overlay-type":"","overlay-color":"","overlay-opacity":"","overlay-gradient":""},"mobile":{"background-color":"var(--ast-global-color-5)","background-image":"","background-repeat":"repeat","background-position":"center center","background-size":"auto","background-attachment":"scroll","background-type":"","background-media":"","overlay-type":"","overlay-color":"","overlay-opacity":"","overlay-gradient":""}}},"product_brand":[],"product_cat":[74,231],"product_tag":[160,159,150],"class_list":{"0":"post-3926","1":"product","2":"type-product","3":"status-publish","4":"has-post-thumbnail","6":"product_cat-pflegeprodukte","7":"product_cat-personalhygiene","8":"product_tag-allergie","9":"product_tag-exzem","10":"product_tag-seifenunvertraeglichkeit","11":"desktop-align-center","12":"tablet-align-center","13":"mobile-align-center","14":"ast-product-gallery-layout-horizontal-slider","15":"ast-product-gallery-with-no-image","16":"ast-magnify-disabled","17":"ast-product-single-variable","18":"ast-product-tabs-layout-horizontal","20":"first","21":"instock","22":"taxable","23":"shipping-taxable","24":"purchasable","25":"product-type-variable"},"yoast_head":"<!-- This site is optimized with the Yoast SEO plugin v27.3 - https:\/\/yoast.com\/product\/yoast-seo-wordpress\/ -->\n<title>Wofaclean Handgeschirrsp\u00fclmittel - KESLA HYGIENE AG<\/title>\n<meta name=\"description\" content=\"Wofaclean Handgeschirrsp\u00fclmittel ist die milde Alternative f\u00fcr empfindliche und stark beanspruchte Haut. Ohne Zusatz von Farb- und Konservierungsstoffen.\" \/>\n<meta name=\"robots\" content=\"index, follow, max-snippet:-1, max-image-preview:large, max-video-preview:-1\" \/>\n<link rel=\"canonical\" href=\"https:\/\/www.kesla.de\/en\/product-2\/wofaclean-hand-dishwashing-detergent\/\" \/>\n<meta property=\"og:locale\" content=\"en_GB\" \/>\n<meta property=\"og:type\" content=\"article\" \/>\n<meta property=\"og:title\" content=\"Wofaclean Handgeschirrsp\u00fclmittel - KESLA HYGIENE AG\" \/>\n<meta property=\"og:description\" content=\"Wofaclean Handgeschirrsp\u00fclmittel ist die milde Alternative f\u00fcr empfindliche und stark beanspruchte Haut. Ohne Zusatz von Farb- und Konservierungsstoffen.\" \/>\n<meta property=\"og:url\" content=\"https:\/\/www.kesla.de\/en\/product-2\/wofaclean-hand-dishwashing-detergent\/\" \/>\n<meta property=\"og:site_name\" content=\"KESLA HYGIENE AG\" \/>\n<meta property=\"article:modified_time\" content=\"2025-08-06T10:00:46+00:00\" \/>\n<meta property=\"og:image\" content=\"https:\/\/www.kesla.de\/wp-content\/uploads\/Wofaclean_vorn_0222.png\" \/>\n\t<meta property=\"og:image:width\" content=\"1240\" \/>\n\t<meta property=\"og:image:height\" content=\"1240\" \/>\n\t<meta property=\"og:image:type\" content=\"image\/png\" \/>\n<meta name=\"twitter:card\" content=\"summary_large_image\" \/>\n<meta name=\"twitter:label1\" content=\"Estimated reading time\" \/>\n\t<meta name=\"twitter:data1\" content=\"1 minute\" \/>\n<script type=\"application\/ld+json\" class=\"yoast-schema-graph\">{\"@context\":\"https:\\\/\\\/schema.org\",\"@graph\":[{\"@type\":\"WebPage\",\"@id\":\"https:\\\/\\\/www.kesla.de\\\/produkt\\\/wofaclean-handgeschirrspuelmittel\\\/\",\"url\":\"https:\\\/\\\/www.kesla.de\\\/produkt\\\/wofaclean-handgeschirrspuelmittel\\\/\",\"name\":\"Wofaclean Handgeschirrsp\u00fclmittel - KESLA HYGIENE AG\",\"isPartOf\":{\"@id\":\"https:\\\/\\\/www.kesla.de\\\/#website\"},\"primaryImageOfPage\":{\"@id\":\"https:\\\/\\\/www.kesla.de\\\/produkt\\\/wofaclean-handgeschirrspuelmittel\\\/#primaryimage\"},\"image\":{\"@id\":\"https:\\\/\\\/www.kesla.de\\\/produkt\\\/wofaclean-handgeschirrspuelmittel\\\/#primaryimage\"},\"thumbnailUrl\":\"https:\\\/\\\/www.kesla.de\\\/wp-content\\\/uploads\\\/Wofaclean_vorn_0222.png\",\"datePublished\":\"2023-04-11T12:46:26+00:00\",\"dateModified\":\"2025-08-06T10:00:46+00:00\",\"description\":\"Wofaclean Handgeschirrsp\u00fclmittel ist die milde Alternative f\u00fcr empfindliche und stark beanspruchte Haut. Ohne Zusatz von Farb- und Konservierungsstoffen.\",\"breadcrumb\":{\"@id\":\"https:\\\/\\\/www.kesla.de\\\/produkt\\\/wofaclean-handgeschirrspuelmittel\\\/#breadcrumb\"},\"inLanguage\":\"en-GB\",\"potentialAction\":[{\"@type\":\"ReadAction\",\"target\":[\"https:\\\/\\\/www.kesla.de\\\/produkt\\\/wofaclean-handgeschirrspuelmittel\\\/\"]}]},{\"@type\":\"ImageObject\",\"inLanguage\":\"en-GB\",\"@id\":\"https:\\\/\\\/www.kesla.de\\\/produkt\\\/wofaclean-handgeschirrspuelmittel\\\/#primaryimage\",\"url\":\"https:\\\/\\\/www.kesla.de\\\/wp-content\\\/uploads\\\/Wofaclean_vorn_0222.png\",\"contentUrl\":\"https:\\\/\\\/www.kesla.de\\\/wp-content\\\/uploads\\\/Wofaclean_vorn_0222.png\",\"width\":1240,\"height\":1240,\"caption\":\"Wofaclean Handgeschirrsp\u00fclmittel empfindliche Haut\"},{\"@type\":\"BreadcrumbList\",\"@id\":\"https:\\\/\\\/www.kesla.de\\\/produkt\\\/wofaclean-handgeschirrspuelmittel\\\/#breadcrumb\",\"itemListElement\":[{\"@type\":\"ListItem\",\"position\":1,\"name\":\"Produkte\",\"item\":\"https:\\\/\\\/www.kesla.de\\\/produkte-2\\\/\"},{\"@type\":\"ListItem\",\"position\":2,\"name\":\"Wofaclean Handgeschirrsp\u00fclmittel\"}]},{\"@type\":\"WebSite\",\"@id\":\"https:\\\/\\\/www.kesla.de\\\/#website\",\"url\":\"https:\\\/\\\/www.kesla.de\\\/\",\"name\":\"kesla.de\",\"description\":\"Ihr Partner f\u00fcr professionelle Reinigung und Desinfektion\",\"publisher\":{\"@id\":\"https:\\\/\\\/www.kesla.de\\\/#organization\"},\"potentialAction\":[{\"@type\":\"SearchAction\",\"target\":{\"@type\":\"EntryPoint\",\"urlTemplate\":\"https:\\\/\\\/www.kesla.de\\\/?s={search_term_string}\"},\"query-input\":{\"@type\":\"PropertyValueSpecification\",\"valueRequired\":true,\"valueName\":\"search_term_string\"}}],\"inLanguage\":\"en-GB\"},{\"@type\":\"Organization\",\"@id\":\"https:\\\/\\\/www.kesla.de\\\/#organization\",\"name\":\"kesla.de\",\"url\":\"https:\\\/\\\/www.kesla.de\\\/\",\"logo\":{\"@type\":\"ImageObject\",\"inLanguage\":\"en-GB\",\"@id\":\"https:\\\/\\\/www.kesla.de\\\/#\\\/schema\\\/logo\\\/image\\\/\",\"url\":\"https:\\\/\\\/www.kesla.de\\\/wp-content\\\/uploads\\\/Kesla-Logo-2020-scaled.png\",\"contentUrl\":\"https:\\\/\\\/www.kesla.de\\\/wp-content\\\/uploads\\\/Kesla-Logo-2020-scaled.png\",\"width\":2560,\"height\":958,\"caption\":\"kesla.de\"},\"image\":{\"@id\":\"https:\\\/\\\/www.kesla.de\\\/#\\\/schema\\\/logo\\\/image\\\/\"}}]}<\/script>\n<!-- \/ Yoast SEO plugin. -->","yoast_head_json":{"title":"Wofaclean hand dishwashing detergent - KESLA HYGIENE AG","description":"Wofaclean Handgeschirrsp\u00fclmittel ist die milde Alternative f\u00fcr empfindliche und stark beanspruchte Haut. Ohne Zusatz von Farb- und Konservierungsstoffen.","robots":{"index":"index","follow":"follow","max-snippet":"max-snippet:-1","max-image-preview":"max-image-preview:large","max-video-preview":"max-video-preview:-1"},"canonical":"https:\/\/www.kesla.de\/en\/product-2\/wofaclean-hand-dishwashing-detergent\/","og_locale":"en_GB","og_type":"article","og_title":"Wofaclean Handgeschirrsp\u00fclmittel - KESLA HYGIENE AG","og_description":"Wofaclean Handgeschirrsp\u00fclmittel ist die milde Alternative f\u00fcr empfindliche und stark beanspruchte Haut. Ohne Zusatz von Farb- und Konservierungsstoffen.","og_url":"https:\/\/www.kesla.de\/en\/product-2\/wofaclean-hand-dishwashing-detergent\/","og_site_name":"KESLA HYGIENE AG","article_modified_time":"2025-08-06T10:00:46+00:00","og_image":[{"width":1240,"height":1240,"url":"https:\/\/www.kesla.de\/wp-content\/uploads\/Wofaclean_vorn_0222.png","type":"image\/png"}],"twitter_card":"summary_large_image","twitter_misc":{"Estimated reading time":"1 minute"},"schema":{"@context":"https:\/\/schema.org","@graph":[{"@type":"WebPage","@id":"https:\/\/www.kesla.de\/produkt\/wofaclean-handgeschirrspuelmittel\/","url":"https:\/\/www.kesla.de\/produkt\/wofaclean-handgeschirrspuelmittel\/","name":"Wofaclean hand dishwashing detergent - KESLA HYGIENE AG","isPartOf":{"@id":"https:\/\/www.kesla.de\/#website"},"primaryImageOfPage":{"@id":"https:\/\/www.kesla.de\/produkt\/wofaclean-handgeschirrspuelmittel\/#primaryimage"},"image":{"@id":"https:\/\/www.kesla.de\/produkt\/wofaclean-handgeschirrspuelmittel\/#primaryimage"},"thumbnailUrl":"https:\/\/www.kesla.de\/wp-content\/uploads\/Wofaclean_vorn_0222.png","datePublished":"2023-04-11T12:46:26+00:00","dateModified":"2025-08-06T10:00:46+00:00","description":"Wofaclean Handgeschirrsp\u00fclmittel ist die milde Alternative f\u00fcr empfindliche und stark beanspruchte Haut. Ohne Zusatz von Farb- und Konservierungsstoffen.","breadcrumb":{"@id":"https:\/\/www.kesla.de\/produkt\/wofaclean-handgeschirrspuelmittel\/#breadcrumb"},"inLanguage":"en-GB","potentialAction":[{"@type":"ReadAction","target":["https:\/\/www.kesla.de\/produkt\/wofaclean-handgeschirrspuelmittel\/"]}]},{"@type":"ImageObject","inLanguage":"en-GB","@id":"https:\/\/www.kesla.de\/produkt\/wofaclean-handgeschirrspuelmittel\/#primaryimage","url":"https:\/\/www.kesla.de\/wp-content\/uploads\/Wofaclean_vorn_0222.png","contentUrl":"https:\/\/www.kesla.de\/wp-content\/uploads\/Wofaclean_vorn_0222.png","width":1240,"height":1240,"caption":"Wofaclean Handgeschirrsp\u00fclmittel empfindliche Haut"},{"@type":"BreadcrumbList","@id":"https:\/\/www.kesla.de\/produkt\/wofaclean-handgeschirrspuelmittel\/#breadcrumb","itemListElement":[{"@type":"ListItem","position":1,"name":"Produkte","item":"https:\/\/www.kesla.de\/produkte-2\/"},{"@type":"ListItem","position":2,"name":"Wofaclean Handgeschirrsp\u00fclmittel"}]},{"@type":"WebSite","@id":"https:\/\/www.kesla.de\/#website","url":"https:\/\/www.kesla.de\/","name":"kesla.de","description":"Your partner for professional cleaning and disinfection","publisher":{"@id":"https:\/\/www.kesla.de\/#organization"},"potentialAction":[{"@type":"SearchAction","target":{"@type":"EntryPoint","urlTemplate":"https:\/\/www.kesla.de\/?s={search_term_string}"},"query-input":{"@type":"PropertyValueSpecification","valueRequired":true,"valueName":"search_term_string"}}],"inLanguage":"en-GB"},{"@type":"Organization","@id":"https:\/\/www.kesla.de\/#organization","name":"kesla.de","url":"https:\/\/www.kesla.de\/","logo":{"@type":"ImageObject","inLanguage":"en-GB","@id":"https:\/\/www.kesla.de\/#\/schema\/logo\/image\/","url":"https:\/\/www.kesla.de\/wp-content\/uploads\/Kesla-Logo-2020-scaled.png","contentUrl":"https:\/\/www.kesla.de\/wp-content\/uploads\/Kesla-Logo-2020-scaled.png","width":2560,"height":958,"caption":"kesla.de"},"image":{"@id":"https:\/\/www.kesla.de\/#\/schema\/logo\/image\/"}}]}},"uagb_featured_image_src":{"full":["https:\/\/www.kesla.de\/wp-content\/uploads\/Wofaclean_vorn_0222.png",1240,1240,false],"thumbnail":["https:\/\/www.kesla.de\/wp-content\/uploads\/Wofaclean_vorn_0222-150x150.png",150,150,true],"medium":["https:\/\/www.kesla.de\/wp-content\/uploads\/Wofaclean_vorn_0222-300x300.png",300,300,true],"medium_large":["https:\/\/www.kesla.de\/wp-content\/uploads\/Wofaclean_vorn_0222-768x768.png",768,768,true],"large":["https:\/\/www.kesla.de\/wp-content\/uploads\/Wofaclean_vorn_0222-1024x1024.png",1024,1024,true],"1536x1536":["https:\/\/www.kesla.de\/wp-content\/uploads\/Wofaclean_vorn_0222.png",1240,1240,false],"2048x2048":["https:\/\/www.kesla.de\/wp-content\/uploads\/Wofaclean_vorn_0222.png",1240,1240,false],"trp-custom-language-flag":["https:\/\/www.kesla.de\/wp-content\/uploads\/Wofaclean_vorn_0222.png",12,12,false],"woocommerce_thumbnail":["https:\/\/www.kesla.de\/wp-content\/uploads\/Wofaclean_vorn_0222-600x600.png",600,600,true],"woocommerce_single":["https:\/\/www.kesla.de\/wp-content\/uploads\/Wofaclean_vorn_0222-1200x1200.png",1200,1200,true],"woocommerce_gallery_thumbnail":["https:\/\/www.kesla.de\/wp-content\/uploads\/Wofaclean_vorn_0222-100x100.png",100,100,true]},"uagb_author_info":{"display_name":"AH","author_link":"https:\/\/www.kesla.de\/en\/author\/"},"uagb_comment_info":22,"uagb_excerpt":"ist die milde Alternative f\u00fcr gereizte, empfindliche und stark beanspruchte Haut. &nbsp; Ohne Zusatz von Farb- und Konservierungsstoffen. &nbsp; &nbsp;","_links":{"self":[{"href":"https:\/\/www.kesla.de\/en\/wp-json\/wp\/v2\/product\/3926","targetHints":{"allow":["GET"]}}],"collection":[{"href":"https:\/\/www.kesla.de\/en\/wp-json\/wp\/v2\/product"}],"about":[{"href":"https:\/\/www.kesla.de\/en\/wp-json\/wp\/v2\/types\/product"}],"wp:featuredmedia":[{"embeddable":true,"href":"https:\/\/www.kesla.de\/en\/wp-json\/wp\/v2\/media\/3569"}],"wp:attachment":[{"href":"https:\/\/www.kesla.de\/en\/wp-json\/wp\/v2\/media?parent=3926"}],"wp:term":[{"taxonomy":"product_brand","embeddable":true,"href":"https:\/\/www.kesla.de\/en\/wp-json\/wp\/v2\/product_brand?post=3926"},{"taxonomy":"product_cat","embeddable":true,"href":"https:\/\/www.kesla.de\/en\/wp-json\/wp\/v2\/product_cat?post=3926"},{"taxonomy":"product_tag","embeddable":true,"href":"https:\/\/www.kesla.de\/en\/wp-json\/wp\/v2\/product_tag?post=3926"}],"curies":[{"name":"wp","href":"https:\/\/api.w.org\/{rel}","templated":true}]}}