{"id":4400,"date":"2023-04-28T11:57:46","date_gmt":"2023-04-28T09:57:46","guid":{"rendered":"https:\/\/www.kesla.de\/?post_type=product&#038;p=4400"},"modified":"2026-03-27T12:11:59","modified_gmt":"2026-03-27T11:11:59","slug":"wofasteril-l-special","status":"publish","type":"product","link":"https:\/\/www.kesla.de\/en\/produkt\/wofasteril-l-spezial\/","title":{"rendered":"Wofasteril<sup>\u00ae<\/sup> L spezial"},"content":{"rendered":"<p><img loading=\"lazy\" decoding=\"async\" class=\"alignnone wp-image-4406 size-medium\" src=\"https:\/\/www.kesla.de\/wp-content\/uploads\/WST-L-Spezial_EN.png\" alt=\"\" width=\"300\" height=\"47\" srcset=\"https:\/\/www.kesla.de\/wp-content\/uploads\/WST-L-Spezial_EN.png 1366w, https:\/\/www.kesla.de\/wp-content\/uploads\/WST-L-Spezial_EN-300x39.png 300w, https:\/\/www.kesla.de\/wp-content\/uploads\/WST-L-Spezial_EN-1024x133.png 1024w, https:\/\/www.kesla.de\/wp-content\/uploads\/WST-L-Spezial_EN-768x100.png 768w, https:\/\/www.kesla.de\/wp-content\/uploads\/WST-L-Spezial_EN-18x2.png 18w, https:\/\/www.kesla.de\/wp-content\/uploads\/WST-L-Spezial_EN-1200x156.png 1200w\" sizes=\"auto, (max-width: 300px) 100vw, 300px\" \/><\/p>\n<h1>Wofasteril<sup>\u00ae<\/sup> L spezial<\/h1>\n<h4>Peracetic acid for food production and processing, hygienic washing of fruit and vegetables, cold fogging<\/h4>\n<p>&nbsp;<\/p>\n<p><strong>Application:<\/strong><\/p>\n<ul>\n<li>Wofasteril L special is suitable for the hygienisation of all media coming into contact with food of animal or plant origin (surfaces, liquids, air) as well as for the hygienisation of plants, pipelines, tanks and all auxiliary materials, nutrient media, machines and equipment.<\/li>\n<li>Ideally suited for improving air hygiene in areas of primary food production and processing. Effectiveness verified in accordance with IHO standards.<\/li>\n<\/ul>\n<p>&nbsp;<\/p>\n<p><strong>Listings:<\/strong><\/p>\n<div class=\"is-layout-flex wp-container-7 wp-block-columns\">\n<div class=\"is-layout-flow wp-block-column\">\n<figure class=\"wp-block-image aligncenter size-medium is-resized\"><img loading=\"lazy\" decoding=\"async\" class=\"alignnone wp-image-1337\" src=\"https:\/\/www.kesla.de\/wp-content\/uploads\/iho-2017_freigestellt-e1668419638559.png\" alt=\"\" width=\"60\" height=\"34\" \/><\/figure>\n<\/div>\n<\/div>\n<div class=\"is-layout-flex wp-container-17 wp-block-columns\">\n<div class=\"is-layout-flow wp-block-column\">\n<div class=\"wp-block-kadence-advancedbtn kb-buttons-wrap kb-btns_af6815-06\"><a class=\"kb-button kt-button button kb-btn_6381b1-29 kt-btn-size-standard kt-btn-width-type-auto kb-btn-global-fill kt-btn-has-text-true kt-btn-has-svg-false wp-block-kadence-singlebtn\" href=\"https:\/\/www.kesla.de\/wp-content\/uploads\/Wofasteril-L-spezial_0422.pdf\" target=\"_blank\" rel=\"noopener\"><span class=\"kt-btn-inner-text\">Product information<\/span><\/a><\/div>\n<\/div>\n<div class=\"is-layout-flow wp-block-column\">\n<div class=\"wp-block-kadence-advancedbtn kb-buttons-wrap kb-btns_751028-ea\"><a class=\"kb-button kt-button button kb-btn_77e8fd-43 kt-btn-size-standard kt-btn-width-type-auto kb-btn-global-fill kt-btn-has-text-true kt-btn-has-svg-false wp-block-kadence-singlebtn\" href=\"https:\/\/www.kesla.de\/en\/safety-data-sheet-request\/\" target=\"_blank\" rel=\"noopener\"><span class=\"kt-btn-inner-text\">Safety data sheet<\/span><\/a><\/div>\n<\/div>\n<div class=\"is-layout-flow wp-block-column\">\n<div class=\"wp-block-kadence-advancedbtn kb-buttons-wrap kb-btns_ed3cb4-ed\"><a class=\"kb-button kt-button button kb-btn_6c5b71-25 kt-btn-size-standard kt-btn-width-type-auto kb-btn-global-fill kt-btn-has-text-true kt-btn-has-svg-false wp-block-kadence-singlebtn\" href=\"https:\/\/www.kesla.de\/wp-content\/uploads\/Erklaerung-des-Kunden_301122_Engl.pdf\" target=\"_blank\" rel=\"noopener\"><span class=\"kt-btn-inner-text\">Customer\u00b4s statement<\/span><\/a><\/div>\n<\/div>\n<\/div>\n<div class=\"wp-block-kadence-rowlayout alignnone\">\n<div id=\"kt-layout-id_81d1f5-a9\" class=\"kt-row-layout-inner kt-layout-id_81d1f5-a9\">\n<div class=\"kt-row-column-wrap kt-has-3-columns kt-gutter-default kt-v-gutter-default kt-row-valign-top kt-row-layout-equal kt-tab-layout-inherit kt-m-colapse-left-to-right kt-mobile-layout-row\">\n<div class=\"wp-block-kadence-column inner-column-3 kadence-column_6607b1-f5\">\n<div class=\"kt-inside-inner-col\">\n<div class=\"is-content-justification-center is-layout-flex wp-container-17 wp-block-buttons\"><\/div>\n<\/div>\n<\/div>\n<\/div>\n<\/div>\n<div>\n<hr \/>\n<\/div>\n<\/div>\n<div><em><strong>Safety notice:<\/strong>\u00a0Use biocides safely. Always read the identification and product information before use.<\/em><\/div>\n<div><\/div>\n<p><em>Note: This product is subject to\u00a0<\/em><em>Regulation (EU) 2019\/1148 of the European Parliament and of the Council of 20 June 2019 on the marketing and use of explosives precursors and may therefore only be supplied to 'professional users'.<\/em><\/p>","protected":false},"excerpt":{"rendered":"<p>Peracetic acid for food production and processing, hygienic washing of fruit and vegetables, cold fogging<\/p>\n<p>&nbsp;<\/p>\n<p data-kb-block=\"kb-adv-heading_7c2564-85\"><!--more--><\/p>","protected":false},"featured_media":4408,"template":"","meta":{"_uag_custom_page_level_css":"","site-sidebar-layout":"default","site-content-layout":"default","ast-site-content-layout":"default","site-content-style":"default","site-sidebar-style":"default","ast-global-header-display":"","ast-banner-title-visibility":"","ast-main-header-display":"","ast-hfb-above-header-display":"","ast-hfb-below-header-display":"","ast-hfb-mobile-header-display":"","site-post-title":"","ast-breadcrumbs-content":"disabled","ast-featured-img":"","footer-sml-layout":"","ast-disable-related-posts":"","theme-transparent-header-meta":"default","adv-header-id-meta":"","stick-header-meta":"default","header-above-stick-meta":"","header-main-stick-meta":"","header-below-stick-meta":"","astra-migrate-meta-layouts":"set","ast-page-background-enabled":"default","ast-page-background-meta":{"desktop":{"background-color":"var(--ast-global-color-4)","background-image":"","background-repeat":"repeat","background-position":"center center","background-size":"auto","background-attachment":"scroll","background-type":"","background-media":"","overlay-type":"","overlay-color":"","overlay-opacity":"","overlay-gradient":""},"tablet":{"background-color":"","background-image":"","background-repeat":"repeat","background-position":"center center","background-size":"auto","background-attachment":"scroll","background-type":"","background-media":"","overlay-type":"","overlay-color":"","overlay-opacity":"","overlay-gradient":""},"mobile":{"background-color":"","background-image":"","background-repeat":"repeat","background-position":"center center","background-size":"auto","background-attachment":"scroll","background-type":"","background-media":"","overlay-type":"","overlay-color":"","overlay-opacity":"","overlay-gradient":""}},"ast-content-background-meta":{"desktop":{"background-color":"var(--ast-global-color-5)","background-image":"","background-repeat":"repeat","background-position":"center center","background-size":"auto","background-attachment":"scroll","background-type":"","background-media":"","overlay-type":"","overlay-color":"","overlay-opacity":"","overlay-gradient":""},"tablet":{"background-color":"var(--ast-global-color-5)","background-image":"","background-repeat":"repeat","background-position":"center center","background-size":"auto","background-attachment":"scroll","background-type":"","background-media":"","overlay-type":"","overlay-color":"","overlay-opacity":"","overlay-gradient":""},"mobile":{"background-color":"var(--ast-global-color-5)","background-image":"","background-repeat":"repeat","background-position":"center center","background-size":"auto","background-attachment":"scroll","background-type":"","background-media":"","overlay-type":"","overlay-color":"","overlay-opacity":"","overlay-gradient":""}}},"product_brand":[],"product_cat":[83,244,75],"product_tag":[201,195,245,202,203,243],"class_list":{"0":"post-4400","1":"product","2":"type-product","3":"status-publish","4":"has-post-thumbnail","6":"product_cat-lebensmittelverarbeitung","7":"product_cat-peressigsaeure","8":"product_cat-reinigung-und-desinfektion","9":"product_tag-bakterien","10":"product_tag-behuellte-viren","11":"product_tag-flaechendesinfektion","12":"product_tag-hefen","13":"product_tag-levurozid","14":"product_tag-peressigsaeure","15":"desktop-align-center","16":"tablet-align-center","17":"mobile-align-center","18":"ast-product-gallery-layout-horizontal-slider","19":"ast-magnify-disabled","20":"ast-product-single-variable","21":"ast-product-tabs-layout-horizontal","23":"first","24":"instock","25":"featured","26":"taxable","27":"shipping-taxable","28":"purchasable","29":"product-type-variable"},"yoast_head":"<!-- This site is optimized with the Yoast SEO plugin v27.3 - https:\/\/yoast.com\/product\/yoast-seo-wordpress\/ -->\n<title>Wofasteril\u00ae L spezial - KESLA HYGIENE AG<\/title>\n<meta name=\"description\" content=\"Peressigs\u00e4ure f\u00fcr die Lebensmittelerzeugung und -verarbeitung, Hygienische Waschung von Obst und Gem\u00fcse, Kaltvernebelung\" \/>\n<meta name=\"robots\" content=\"index, follow, max-snippet:-1, max-image-preview:large, max-video-preview:-1\" \/>\n<link rel=\"canonical\" href=\"https:\/\/www.kesla.de\/en\/product-2\/wofasteril-l-special\/\" \/>\n<meta property=\"og:locale\" content=\"en_GB\" \/>\n<meta property=\"og:type\" content=\"article\" \/>\n<meta property=\"og:title\" content=\"Wofasteril\u00ae L spezial - KESLA HYGIENE AG\" \/>\n<meta property=\"og:description\" content=\"Peressigs\u00e4ure f\u00fcr die Lebensmittelerzeugung und -verarbeitung, Hygienische Waschung von Obst und Gem\u00fcse, Kaltvernebelung\" \/>\n<meta property=\"og:url\" content=\"https:\/\/www.kesla.de\/en\/product-2\/wofasteril-l-special\/\" \/>\n<meta property=\"og:site_name\" content=\"KESLA HYGIENE AG\" \/>\n<meta property=\"article:modified_time\" content=\"2026-03-27T11:11:59+00:00\" \/>\n<meta property=\"og:image\" content=\"https:\/\/www.kesla.de\/wp-content\/uploads\/Wofasteril_L_spezial_Gruppe_0223.png\" \/>\n\t<meta property=\"og:image:width\" content=\"1240\" \/>\n\t<meta property=\"og:image:height\" content=\"1240\" \/>\n\t<meta property=\"og:image:type\" content=\"image\/png\" \/>\n<meta name=\"twitter:card\" content=\"summary_large_image\" \/>\n<meta name=\"twitter:label1\" content=\"Estimated reading time\" \/>\n\t<meta name=\"twitter:data1\" content=\"2 minutes\" \/>\n<script type=\"application\/ld+json\" class=\"yoast-schema-graph\">{\"@context\":\"https:\\\/\\\/schema.org\",\"@graph\":[{\"@type\":\"WebPage\",\"@id\":\"https:\\\/\\\/www.kesla.de\\\/produkt\\\/wofasteril-l-spezial\\\/\",\"url\":\"https:\\\/\\\/www.kesla.de\\\/produkt\\\/wofasteril-l-spezial\\\/\",\"name\":\"Wofasteril\u00ae L spezial - KESLA HYGIENE AG\",\"isPartOf\":{\"@id\":\"https:\\\/\\\/www.kesla.de\\\/#website\"},\"primaryImageOfPage\":{\"@id\":\"https:\\\/\\\/www.kesla.de\\\/produkt\\\/wofasteril-l-spezial\\\/#primaryimage\"},\"image\":{\"@id\":\"https:\\\/\\\/www.kesla.de\\\/produkt\\\/wofasteril-l-spezial\\\/#primaryimage\"},\"thumbnailUrl\":\"https:\\\/\\\/www.kesla.de\\\/wp-content\\\/uploads\\\/Wofasteril_L_spezial_Gruppe_0223.png\",\"datePublished\":\"2023-04-28T09:57:46+00:00\",\"dateModified\":\"2026-03-27T11:11:59+00:00\",\"description\":\"Peressigs\u00e4ure f\u00fcr die Lebensmittelerzeugung und -verarbeitung, Hygienische Waschung von Obst und Gem\u00fcse, Kaltvernebelung\",\"breadcrumb\":{\"@id\":\"https:\\\/\\\/www.kesla.de\\\/produkt\\\/wofasteril-l-spezial\\\/#breadcrumb\"},\"inLanguage\":\"en-GB\",\"potentialAction\":[{\"@type\":\"ReadAction\",\"target\":[\"https:\\\/\\\/www.kesla.de\\\/produkt\\\/wofasteril-l-spezial\\\/\"]}]},{\"@type\":\"ImageObject\",\"inLanguage\":\"en-GB\",\"@id\":\"https:\\\/\\\/www.kesla.de\\\/produkt\\\/wofasteril-l-spezial\\\/#primaryimage\",\"url\":\"https:\\\/\\\/www.kesla.de\\\/wp-content\\\/uploads\\\/Wofasteril_L_spezial_Gruppe_0223.png\",\"contentUrl\":\"https:\\\/\\\/www.kesla.de\\\/wp-content\\\/uploads\\\/Wofasteril_L_spezial_Gruppe_0223.png\",\"width\":1240,\"height\":1240,\"caption\":\"Wofasteril\u00ae L spezial Peressigs\u00e4ure Lebensmittelerzeugung\\\/ -verarbeitung Kaltvernebelung\"},{\"@type\":\"BreadcrumbList\",\"@id\":\"https:\\\/\\\/www.kesla.de\\\/produkt\\\/wofasteril-l-spezial\\\/#breadcrumb\",\"itemListElement\":[{\"@type\":\"ListItem\",\"position\":1,\"name\":\"Produkte\",\"item\":\"https:\\\/\\\/www.kesla.de\\\/produkte-2\\\/\"},{\"@type\":\"ListItem\",\"position\":2,\"name\":\"Wofasteril\u00ae L spezial\"}]},{\"@type\":\"WebSite\",\"@id\":\"https:\\\/\\\/www.kesla.de\\\/#website\",\"url\":\"https:\\\/\\\/www.kesla.de\\\/\",\"name\":\"kesla.de\",\"description\":\"Ihr Partner f\u00fcr professionelle Reinigung und Desinfektion\",\"publisher\":{\"@id\":\"https:\\\/\\\/www.kesla.de\\\/#organization\"},\"potentialAction\":[{\"@type\":\"SearchAction\",\"target\":{\"@type\":\"EntryPoint\",\"urlTemplate\":\"https:\\\/\\\/www.kesla.de\\\/?s={search_term_string}\"},\"query-input\":{\"@type\":\"PropertyValueSpecification\",\"valueRequired\":true,\"valueName\":\"search_term_string\"}}],\"inLanguage\":\"en-GB\"},{\"@type\":\"Organization\",\"@id\":\"https:\\\/\\\/www.kesla.de\\\/#organization\",\"name\":\"kesla.de\",\"url\":\"https:\\\/\\\/www.kesla.de\\\/\",\"logo\":{\"@type\":\"ImageObject\",\"inLanguage\":\"en-GB\",\"@id\":\"https:\\\/\\\/www.kesla.de\\\/#\\\/schema\\\/logo\\\/image\\\/\",\"url\":\"https:\\\/\\\/www.kesla.de\\\/wp-content\\\/uploads\\\/Kesla-Logo-2020-scaled.png\",\"contentUrl\":\"https:\\\/\\\/www.kesla.de\\\/wp-content\\\/uploads\\\/Kesla-Logo-2020-scaled.png\",\"width\":2560,\"height\":958,\"caption\":\"kesla.de\"},\"image\":{\"@id\":\"https:\\\/\\\/www.kesla.de\\\/#\\\/schema\\\/logo\\\/image\\\/\"}}]}<\/script>\n<!-- \/ Yoast SEO plugin. -->","yoast_head_json":{"title":"Wofasteril\u00ae L special - KESLA HYGIENE AG","description":"Peracetic acid for food production and processing, hygienic washing of fruit and vegetables, cold fogging","robots":{"index":"index","follow":"follow","max-snippet":"max-snippet:-1","max-image-preview":"max-image-preview:large","max-video-preview":"max-video-preview:-1"},"canonical":"https:\/\/www.kesla.de\/en\/product-2\/wofasteril-l-special\/","og_locale":"en_GB","og_type":"article","og_title":"Wofasteril\u00ae L spezial - KESLA HYGIENE AG","og_description":"Peressigs\u00e4ure f\u00fcr die Lebensmittelerzeugung und -verarbeitung, Hygienische Waschung von Obst und Gem\u00fcse, Kaltvernebelung","og_url":"https:\/\/www.kesla.de\/en\/product-2\/wofasteril-l-special\/","og_site_name":"KESLA HYGIENE AG","article_modified_time":"2026-03-27T11:11:59+00:00","og_image":[{"width":1240,"height":1240,"url":"https:\/\/www.kesla.de\/wp-content\/uploads\/Wofasteril_L_spezial_Gruppe_0223.png","type":"image\/png"}],"twitter_card":"summary_large_image","twitter_misc":{"Estimated reading time":"2 minutes"},"schema":{"@context":"https:\/\/schema.org","@graph":[{"@type":"WebPage","@id":"https:\/\/www.kesla.de\/produkt\/wofasteril-l-spezial\/","url":"https:\/\/www.kesla.de\/produkt\/wofasteril-l-spezial\/","name":"Wofasteril\u00ae L special - KESLA HYGIENE AG","isPartOf":{"@id":"https:\/\/www.kesla.de\/#website"},"primaryImageOfPage":{"@id":"https:\/\/www.kesla.de\/produkt\/wofasteril-l-spezial\/#primaryimage"},"image":{"@id":"https:\/\/www.kesla.de\/produkt\/wofasteril-l-spezial\/#primaryimage"},"thumbnailUrl":"https:\/\/www.kesla.de\/wp-content\/uploads\/Wofasteril_L_spezial_Gruppe_0223.png","datePublished":"2023-04-28T09:57:46+00:00","dateModified":"2026-03-27T11:11:59+00:00","description":"Peracetic acid for food production and processing, hygienic washing of fruit and vegetables, cold fogging","breadcrumb":{"@id":"https:\/\/www.kesla.de\/produkt\/wofasteril-l-spezial\/#breadcrumb"},"inLanguage":"en-GB","potentialAction":[{"@type":"ReadAction","target":["https:\/\/www.kesla.de\/produkt\/wofasteril-l-spezial\/"]}]},{"@type":"ImageObject","inLanguage":"en-GB","@id":"https:\/\/www.kesla.de\/produkt\/wofasteril-l-spezial\/#primaryimage","url":"https:\/\/www.kesla.de\/wp-content\/uploads\/Wofasteril_L_spezial_Gruppe_0223.png","contentUrl":"https:\/\/www.kesla.de\/wp-content\/uploads\/Wofasteril_L_spezial_Gruppe_0223.png","width":1240,"height":1240,"caption":"Wofasteril\u00ae L spezial Peressigs\u00e4ure Lebensmittelerzeugung\/ -verarbeitung Kaltvernebelung"},{"@type":"BreadcrumbList","@id":"https:\/\/www.kesla.de\/produkt\/wofasteril-l-spezial\/#breadcrumb","itemListElement":[{"@type":"ListItem","position":1,"name":"Produkte","item":"https:\/\/www.kesla.de\/produkte-2\/"},{"@type":"ListItem","position":2,"name":"Wofasteril\u00ae L spezial"}]},{"@type":"WebSite","@id":"https:\/\/www.kesla.de\/#website","url":"https:\/\/www.kesla.de\/","name":"kesla.de","description":"Your partner for professional cleaning and disinfection","publisher":{"@id":"https:\/\/www.kesla.de\/#organization"},"potentialAction":[{"@type":"SearchAction","target":{"@type":"EntryPoint","urlTemplate":"https:\/\/www.kesla.de\/?s={search_term_string}"},"query-input":{"@type":"PropertyValueSpecification","valueRequired":true,"valueName":"search_term_string"}}],"inLanguage":"en-GB"},{"@type":"Organization","@id":"https:\/\/www.kesla.de\/#organization","name":"kesla.de","url":"https:\/\/www.kesla.de\/","logo":{"@type":"ImageObject","inLanguage":"en-GB","@id":"https:\/\/www.kesla.de\/#\/schema\/logo\/image\/","url":"https:\/\/www.kesla.de\/wp-content\/uploads\/Kesla-Logo-2020-scaled.png","contentUrl":"https:\/\/www.kesla.de\/wp-content\/uploads\/Kesla-Logo-2020-scaled.png","width":2560,"height":958,"caption":"kesla.de"},"image":{"@id":"https:\/\/www.kesla.de\/#\/schema\/logo\/image\/"}}]}},"uagb_featured_image_src":{"full":["https:\/\/www.kesla.de\/wp-content\/uploads\/Wofasteril_L_spezial_Gruppe_0223.png",1240,1240,false],"thumbnail":["https:\/\/www.kesla.de\/wp-content\/uploads\/Wofasteril_L_spezial_Gruppe_0223-150x150.png",150,150,true],"medium":["https:\/\/www.kesla.de\/wp-content\/uploads\/Wofasteril_L_spezial_Gruppe_0223-300x300.png",300,300,true],"medium_large":["https:\/\/www.kesla.de\/wp-content\/uploads\/Wofasteril_L_spezial_Gruppe_0223-768x768.png",768,768,true],"large":["https:\/\/www.kesla.de\/wp-content\/uploads\/Wofasteril_L_spezial_Gruppe_0223-1024x1024.png",1024,1024,true],"1536x1536":["https:\/\/www.kesla.de\/wp-content\/uploads\/Wofasteril_L_spezial_Gruppe_0223.png",1240,1240,false],"2048x2048":["https:\/\/www.kesla.de\/wp-content\/uploads\/Wofasteril_L_spezial_Gruppe_0223.png",1240,1240,false],"trp-custom-language-flag":["https:\/\/www.kesla.de\/wp-content\/uploads\/Wofasteril_L_spezial_Gruppe_0223.png",12,12,false],"woocommerce_thumbnail":["https:\/\/www.kesla.de\/wp-content\/uploads\/Wofasteril_L_spezial_Gruppe_0223-600x600.png",600,600,true],"woocommerce_single":["https:\/\/www.kesla.de\/wp-content\/uploads\/Wofasteril_L_spezial_Gruppe_0223-1200x1200.png",1200,1200,true],"woocommerce_gallery_thumbnail":["https:\/\/www.kesla.de\/wp-content\/uploads\/Wofasteril_L_spezial_Gruppe_0223-100x100.png",100,100,true]},"uagb_author_info":{"display_name":"AH","author_link":"https:\/\/www.kesla.de\/en\/author\/"},"uagb_comment_info":17,"uagb_excerpt":"Peressigs\u00e4ure f\u00fcr die Lebensmittelerzeugung und -verarbeitung, Hygienische Waschung von Obst und Gem\u00fcse, Kaltvernebelung &nbsp;","_links":{"self":[{"href":"https:\/\/www.kesla.de\/en\/wp-json\/wp\/v2\/product\/4400","targetHints":{"allow":["GET"]}}],"collection":[{"href":"https:\/\/www.kesla.de\/en\/wp-json\/wp\/v2\/product"}],"about":[{"href":"https:\/\/www.kesla.de\/en\/wp-json\/wp\/v2\/types\/product"}],"wp:featuredmedia":[{"embeddable":true,"href":"https:\/\/www.kesla.de\/en\/wp-json\/wp\/v2\/media\/4408"}],"wp:attachment":[{"href":"https:\/\/www.kesla.de\/en\/wp-json\/wp\/v2\/media?parent=4400"}],"wp:term":[{"taxonomy":"product_brand","embeddable":true,"href":"https:\/\/www.kesla.de\/en\/wp-json\/wp\/v2\/product_brand?post=4400"},{"taxonomy":"product_cat","embeddable":true,"href":"https:\/\/www.kesla.de\/en\/wp-json\/wp\/v2\/product_cat?post=4400"},{"taxonomy":"product_tag","embeddable":true,"href":"https:\/\/www.kesla.de\/en\/wp-json\/wp\/v2\/product_tag?post=4400"}],"curies":[{"name":"wp","href":"https:\/\/api.w.org\/{rel}","templated":true}]}}