{"id":5029,"date":"2023-07-27T08:47:01","date_gmt":"2023-07-27T06:47:01","guid":{"rendered":"https:\/\/www.kesla.de\/?post_type=product&#038;p=5029"},"modified":"2025-03-12T14:14:14","modified_gmt":"2025-03-12T13:14:14","slug":"wofasteril-sc-super","status":"publish","type":"product","link":"https:\/\/www.kesla.de\/en\/produkt\/wofasteril-sc-super\/","title":{"rendered":"Wofasteril<sup>\u00ae<\/sup> SC super for hobby livestock owners"},"content":{"rendered":"<img loading=\"lazy\" decoding=\"async\" class=\"alignnone wp-image-5036 size-medium\" src=\"https:\/\/www.kesla.de\/wp-content\/uploads\/Wofasteril-SC-super_0518-300x108.png\" alt=\"\" width=\"300\" height=\"108\" srcset=\"https:\/\/www.kesla.de\/wp-content\/uploads\/Wofasteril-SC-super_0518-300x108.png 300w, https:\/\/www.kesla.de\/wp-content\/uploads\/Wofasteril-SC-super_0518-18x6.png 18w, https:\/\/www.kesla.de\/wp-content\/uploads\/Wofasteril-SC-super_0518.png 591w\" sizes=\"auto, (max-width: 300px) 100vw, 300px\" \/>\r\n<h1 class=\"kt-adv-heading_2239ea-f4 wp-block-kadence-advancedheading\" data-kb-block=\"kb-adv-heading_2239ea-f4\">Wofasteril<sup>\u00ae<\/sup> SC super<\/h1>\r\n<h3 data-kb-block=\"kb-adv-heading_2239ea-f4\"><\/h3>\r\n<h4 class=\"kt-adv-heading_2239ea-f4 wp-block-kadence-advancedheading\" data-kb-block=\"kb-adv-heading_2239ea-f4\">Disinfectant based on peracetic acid for hygiene in the veterinary sector and for pet owners<\/h4>\r\n<!-- \/wp:post-content -->\r\n<div class=\"is-layout-flow wp-block-column\"><\/div>\r\n<div class=\"is-layout-flow wp-block-column\">\r\n<div class=\"is-layout-flow wp-block-column\">\r\n<div class=\"is-layout-flex wp-container-20 wp-block-columns\">\r\n<div class=\"is-layout-flow wp-block-column\">\r\n<div class=\"is-layout-flow wp-block-column\">\r\n\r\n<strong>Application:<\/strong>\r\n<ul>\r\n \t<li>For disinfection of materials and surfaces in connection with the housing or transport of animals.<\/li>\r\n \t<li>For disinfection of equipment, containers, cutlery and crockery, surfaces and pipes used for the production, transport, storage or consumption of feed (including drinking water) of animals.<\/li>\r\n \t<li>When applying to metallic objects, we recommend the use of our innovative combination process for better material compatibility <a href=\"https:\/\/www.kesla.de\/en\/de_de_formal\/product-2\/1-and1-wofasteril-sc-super\/\">1+1 Wofasteril<sup>\u00ae<\/sup> SC super<\/a>.<\/li>\r\n \t<li>Test the ready-to-use solution on an inconspicuous area first.<\/li>\r\n<\/ul>\r\n<\/div>\r\n<div class=\"is-layout-flow wp-block-column\">\r\n\r\n<strong>Advantages:<\/strong>\r\n<ul>\r\n \t<li>Fast exposure time<\/li>\r\n \t<li>Low concentration<\/li>\r\n \t<li>Easy dosage<\/li>\r\n \t<li>Unique spectrum of action<\/li>\r\n \t<li>Environmentally friendly<\/li>\r\n \t<li>No formation of resistance<\/li>\r\n \t<li>Effective against a wide range of organisms including bacteria, viruses, mycobacteria, fungi, etc.<\/li>\r\n<\/ul>\r\n<strong>Listings:<\/strong>\r\n<div class=\"is-layout-flex wp-container-7 wp-block-columns\">\r\n<div class=\"is-layout-flow wp-block-column\">\r\n<figure class=\"wp-block-image aligncenter size-medium is-resized\"><img loading=\"lazy\" decoding=\"async\" class=\"wp-image-1338\" src=\"https:\/\/www.kesla.de\/wp-content\/uploads\/RKI-gelistet_Logo_0816-227x300.png\" alt=\"\" width=\"57\" height=\"75\" \/><\/figure>\r\n<\/div>\r\n<div class=\"is-layout-flow wp-block-column\"><\/div>\r\n<div class=\"is-layout-flow wp-block-column\"><\/div>\r\n<div class=\"is-layout-flow wp-block-column\"><\/div>\r\n<\/div>\r\n<div class=\"is-layout-flex wp-container-13 wp-block-columns\">\r\n<div class=\"is-layout-flow wp-block-column\"><\/div>\r\n<div class=\"is-layout-flow wp-block-column\"><\/div>\r\n<div class=\"is-layout-flow wp-block-column\"><\/div>\r\n<div class=\"is-layout-flow wp-block-column\"><\/div>\r\n<div class=\"is-layout-flow wp-block-column\"><\/div>\r\n<\/div>\r\n<div class=\"is-layout-flex wp-container-16 wp-block-columns\">\r\n<div class=\"is-layout-flow wp-block-column\">\r\n<div class=\"wp-block-kadence-advancedbtn kb-buttons-wrap kb-btns_af6815-06\"><a class=\"kb-button kt-button button kb-btn_6381b1-29 kt-btn-size-standard kt-btn-width-type-auto kb-btn-global-fill kt-btn-has-text-true kt-btn-has-svg-false wp-block-kadence-singlebtn\" href=\"https:\/\/www.kesla.de\/wp-content\/uploads\/Hobbytierhalter_0524.pdf\" target=\"_blank\" rel=\"noopener\"><span class=\"kt-btn-inner-text\">Product information<\/span><\/a><\/div>\r\n<\/div>\r\n<div class=\"is-layout-flow wp-block-column\">\r\n<div class=\"wp-block-kadence-advancedbtn kb-buttons-wrap kb-btns_751028-ea\"><a class=\"kb-button kt-button button kb-btn_77e8fd-43 kt-btn-size-standard kt-btn-width-type-auto kb-btn-global-fill kt-btn-has-text-true kt-btn-has-svg-false wp-block-kadence-singlebtn\" href=\"https:\/\/www.kesla.de\/en\/safety-data-sheet-request\/\" target=\"_blank\" rel=\"noopener\"><span class=\"kt-btn-inner-text\">Safety data sheet<\/span><\/a><\/div>\r\n<\/div>\r\n<\/div>\r\n<\/div>\r\n<\/div>\r\n<\/div>\r\n<\/div>\r\n<\/div>\r\n&nbsp;\r\n\r\n<hr \/>\r\n\r\n<strong>Safety notice:<\/strong> Always read the label and product information before use.<!-- \/wp:freeform -->","protected":false},"excerpt":{"rendered":"<p class=\"kt-adv-heading_2239ea-f4 wp-block-kadence-advancedheading\" data-kb-block=\"kb-adv-heading_2239ea-f4\">Disinfectant based on peracetic acid for hygiene in the veterinary sector and for pet owners<\/p>","protected":false},"featured_media":5037,"template":"","meta":{"_uag_custom_page_level_css":"","site-sidebar-layout":"default","site-content-layout":"default","ast-site-content-layout":"default","site-content-style":"default","site-sidebar-style":"default","ast-global-header-display":"","ast-banner-title-visibility":"","ast-main-header-display":"","ast-hfb-above-header-display":"","ast-hfb-below-header-display":"","ast-hfb-mobile-header-display":"","site-post-title":"","ast-breadcrumbs-content":"disabled","ast-featured-img":"","footer-sml-layout":"","ast-disable-related-posts":"","theme-transparent-header-meta":"default","adv-header-id-meta":"","stick-header-meta":"default","header-above-stick-meta":"","header-main-stick-meta":"","header-below-stick-meta":"","astra-migrate-meta-layouts":"set","ast-page-background-enabled":"default","ast-page-background-meta":{"desktop":{"background-color":"var(--ast-global-color-4)","background-image":"","background-repeat":"repeat","background-position":"center center","background-size":"auto","background-attachment":"scroll","background-type":"","background-media":"","overlay-type":"","overlay-color":"","overlay-opacity":"","overlay-gradient":""},"tablet":{"background-color":"","background-image":"","background-repeat":"repeat","background-position":"center center","background-size":"auto","background-attachment":"scroll","background-type":"","background-media":"","overlay-type":"","overlay-color":"","overlay-opacity":"","overlay-gradient":""},"mobile":{"background-color":"","background-image":"","background-repeat":"repeat","background-position":"center center","background-size":"auto","background-attachment":"scroll","background-type":"","background-media":"","overlay-type":"","overlay-color":"","overlay-opacity":"","overlay-gradient":""}},"ast-content-background-meta":{"desktop":{"background-color":"var(--ast-global-color-5)","background-image":"","background-repeat":"repeat","background-position":"center center","background-size":"auto","background-attachment":"scroll","background-type":"","background-media":"","overlay-type":"","overlay-color":"","overlay-opacity":"","overlay-gradient":""},"tablet":{"background-color":"var(--ast-global-color-5)","background-image":"","background-repeat":"repeat","background-position":"center center","background-size":"auto","background-attachment":"scroll","background-type":"","background-media":"","overlay-type":"","overlay-color":"","overlay-opacity":"","overlay-gradient":""},"mobile":{"background-color":"var(--ast-global-color-5)","background-image":"","background-repeat":"repeat","background-position":"center center","background-size":"auto","background-attachment":"scroll","background-type":"","background-media":"","overlay-type":"","overlay-color":"","overlay-opacity":"","overlay-gradient":""}}},"product_brand":[],"product_cat":[78,79,80,77,244,75,81,82],"product_tag":[163,205,201,195,196,245,204,246,202,249,203,190,200,243,192,206,184,198],"class_list":{"0":"post-5029","1":"product","2":"type-product","3":"status-publish","4":"has-post-thumbnail","6":"product_cat-fischzucht","7":"product_cat-gefluegelhaltung","8":"product_cat-kleintierhaltung","9":"product_cat-landwirtschaft-und-tierhaltung","10":"product_cat-peressigsaeure","11":"product_cat-reinigung-und-desinfektion","12":"product_cat-rinderhaltung","13":"product_cat-schweinehaltung","14":"product_tag-antimikrobiell","15":"product_tag-bakterielle-sporen","16":"product_tag-bakterien","17":"product_tag-behuellte-viren","18":"product_tag-coronaviren","19":"product_tag-flaechendesinfektion","20":"product_tag-fungizid","21":"product_tag-haendedesinfektion","22":"product_tag-hefen","23":"product_tag-instrumentendesinfektion","24":"product_tag-levurozid","25":"product_tag-mykobakterien","26":"product_tag-parvoviren","27":"product_tag-peressigsaeure","28":"product_tag-pilze","29":"product_tag-sporizid","30":"product_tag-streptokokken","31":"product_tag-unbehuellte-viren","32":"desktop-align-center","33":"tablet-align-center","34":"mobile-align-center","35":"ast-product-gallery-layout-horizontal-slider","36":"ast-magnify-disabled","37":"ast-product-single-variable","38":"ast-product-tabs-layout-horizontal","40":"first","41":"instock","42":"featured","43":"taxable","44":"shipping-taxable","45":"purchasable","46":"product-type-variable","47":"has-default-attributes"},"yoast_head":"<!-- This site is optimized with the Yoast SEO plugin v27.3 - https:\/\/yoast.com\/product\/yoast-seo-wordpress\/ -->\n<title>Wofasteril\u00ae SC super f\u00fcr Hobbytierhalter - KESLA HYGIENE AG<\/title>\n<meta name=\"description\" content=\"Wofasteril SC super zur Desinfektion auf Basis von Peressigs\u00e4ure f\u00fcr die Hygiene im Veterin\u00e4rbereich und f\u00fcr Hobbytierhalter. Wirksam auch gegen Pavoviren.\" \/>\n<meta name=\"robots\" content=\"index, follow, max-snippet:-1, max-image-preview:large, max-video-preview:-1\" \/>\n<link rel=\"canonical\" href=\"https:\/\/www.kesla.de\/en\/product-2\/wofasteril-sc-super\/\" \/>\n<meta property=\"og:locale\" content=\"en_GB\" \/>\n<meta property=\"og:type\" content=\"article\" \/>\n<meta property=\"og:title\" content=\"Wofasteril\u00ae SC super f\u00fcr Hobbytierhalter - KESLA HYGIENE AG\" \/>\n<meta property=\"og:description\" content=\"Wofasteril SC super zur Desinfektion auf Basis von Peressigs\u00e4ure f\u00fcr die Hygiene im Veterin\u00e4rbereich und f\u00fcr Hobbytierhalter. Wirksam auch gegen Pavoviren.\" \/>\n<meta property=\"og:url\" content=\"https:\/\/www.kesla.de\/en\/product-2\/wofasteril-sc-super\/\" \/>\n<meta property=\"og:site_name\" content=\"KESLA HYGIENE AG\" \/>\n<meta property=\"article:modified_time\" content=\"2025-03-12T13:14:14+00:00\" \/>\n<meta property=\"og:image\" content=\"https:\/\/www.kesla.de\/wp-content\/uploads\/WST_SC_Super_1_Liter_07_0223.png\" \/>\n\t<meta property=\"og:image:width\" content=\"1240\" \/>\n\t<meta property=\"og:image:height\" content=\"1240\" \/>\n\t<meta property=\"og:image:type\" content=\"image\/png\" \/>\n<meta name=\"twitter:card\" content=\"summary_large_image\" \/>\n<meta name=\"twitter:label1\" content=\"Estimated reading time\" \/>\n\t<meta name=\"twitter:data1\" content=\"2 minutes\" \/>\n<script type=\"application\/ld+json\" class=\"yoast-schema-graph\">{\"@context\":\"https:\\\/\\\/schema.org\",\"@graph\":[{\"@type\":\"WebPage\",\"@id\":\"https:\\\/\\\/www.kesla.de\\\/produkt\\\/wofasteril-sc-super\\\/\",\"url\":\"https:\\\/\\\/www.kesla.de\\\/produkt\\\/wofasteril-sc-super\\\/\",\"name\":\"Wofasteril\u00ae SC super f\u00fcr Hobbytierhalter - KESLA HYGIENE AG\",\"isPartOf\":{\"@id\":\"https:\\\/\\\/www.kesla.de\\\/#website\"},\"primaryImageOfPage\":{\"@id\":\"https:\\\/\\\/www.kesla.de\\\/produkt\\\/wofasteril-sc-super\\\/#primaryimage\"},\"image\":{\"@id\":\"https:\\\/\\\/www.kesla.de\\\/produkt\\\/wofasteril-sc-super\\\/#primaryimage\"},\"thumbnailUrl\":\"https:\\\/\\\/www.kesla.de\\\/wp-content\\\/uploads\\\/WST_SC_Super_1_Liter_07_0223.png\",\"datePublished\":\"2023-07-27T06:47:01+00:00\",\"dateModified\":\"2025-03-12T13:14:14+00:00\",\"description\":\"Wofasteril SC super zur Desinfektion auf Basis von Peressigs\u00e4ure f\u00fcr die Hygiene im Veterin\u00e4rbereich und f\u00fcr Hobbytierhalter. Wirksam auch gegen Pavoviren.\",\"breadcrumb\":{\"@id\":\"https:\\\/\\\/www.kesla.de\\\/produkt\\\/wofasteril-sc-super\\\/#breadcrumb\"},\"inLanguage\":\"en-GB\",\"potentialAction\":[{\"@type\":\"ReadAction\",\"target\":[\"https:\\\/\\\/www.kesla.de\\\/produkt\\\/wofasteril-sc-super\\\/\"]}]},{\"@type\":\"ImageObject\",\"inLanguage\":\"en-GB\",\"@id\":\"https:\\\/\\\/www.kesla.de\\\/produkt\\\/wofasteril-sc-super\\\/#primaryimage\",\"url\":\"https:\\\/\\\/www.kesla.de\\\/wp-content\\\/uploads\\\/WST_SC_Super_1_Liter_07_0223.png\",\"contentUrl\":\"https:\\\/\\\/www.kesla.de\\\/wp-content\\\/uploads\\\/WST_SC_Super_1_Liter_07_0223.png\",\"width\":1240,\"height\":1240,\"caption\":\"WST_SC_Super_1_Liter\"},{\"@type\":\"BreadcrumbList\",\"@id\":\"https:\\\/\\\/www.kesla.de\\\/produkt\\\/wofasteril-sc-super\\\/#breadcrumb\",\"itemListElement\":[{\"@type\":\"ListItem\",\"position\":1,\"name\":\"Produkte\",\"item\":\"https:\\\/\\\/www.kesla.de\\\/produkte-2\\\/\"},{\"@type\":\"ListItem\",\"position\":2,\"name\":\"Wofasteril\u00ae SC super f\u00fcr Hobbytierhalter\"}]},{\"@type\":\"WebSite\",\"@id\":\"https:\\\/\\\/www.kesla.de\\\/#website\",\"url\":\"https:\\\/\\\/www.kesla.de\\\/\",\"name\":\"kesla.de\",\"description\":\"Ihr Partner f\u00fcr professionelle Reinigung und Desinfektion\",\"publisher\":{\"@id\":\"https:\\\/\\\/www.kesla.de\\\/#organization\"},\"potentialAction\":[{\"@type\":\"SearchAction\",\"target\":{\"@type\":\"EntryPoint\",\"urlTemplate\":\"https:\\\/\\\/www.kesla.de\\\/?s={search_term_string}\"},\"query-input\":{\"@type\":\"PropertyValueSpecification\",\"valueRequired\":true,\"valueName\":\"search_term_string\"}}],\"inLanguage\":\"en-GB\"},{\"@type\":\"Organization\",\"@id\":\"https:\\\/\\\/www.kesla.de\\\/#organization\",\"name\":\"kesla.de\",\"url\":\"https:\\\/\\\/www.kesla.de\\\/\",\"logo\":{\"@type\":\"ImageObject\",\"inLanguage\":\"en-GB\",\"@id\":\"https:\\\/\\\/www.kesla.de\\\/#\\\/schema\\\/logo\\\/image\\\/\",\"url\":\"https:\\\/\\\/www.kesla.de\\\/wp-content\\\/uploads\\\/Kesla-Logo-2020-scaled.png\",\"contentUrl\":\"https:\\\/\\\/www.kesla.de\\\/wp-content\\\/uploads\\\/Kesla-Logo-2020-scaled.png\",\"width\":2560,\"height\":958,\"caption\":\"kesla.de\"},\"image\":{\"@id\":\"https:\\\/\\\/www.kesla.de\\\/#\\\/schema\\\/logo\\\/image\\\/\"}}]}<\/script>\n<!-- \/ Yoast SEO plugin. -->","yoast_head_json":{"title":"Wofasteril\u00ae SC super for hobby pet owners - KESLA HYGIENE AG","description":"Wofasteril SC super for disinfection based on peracetic acid for hygiene in the veterinary sector and for hobby animal keepers. Also effective against pavoviruses.","robots":{"index":"index","follow":"follow","max-snippet":"max-snippet:-1","max-image-preview":"max-image-preview:large","max-video-preview":"max-video-preview:-1"},"canonical":"https:\/\/www.kesla.de\/en\/product-2\/wofasteril-sc-super\/","og_locale":"en_GB","og_type":"article","og_title":"Wofasteril\u00ae SC super f\u00fcr Hobbytierhalter - KESLA HYGIENE AG","og_description":"Wofasteril SC super zur Desinfektion auf Basis von Peressigs\u00e4ure f\u00fcr die Hygiene im Veterin\u00e4rbereich und f\u00fcr Hobbytierhalter. Wirksam auch gegen Pavoviren.","og_url":"https:\/\/www.kesla.de\/en\/product-2\/wofasteril-sc-super\/","og_site_name":"KESLA HYGIENE AG","article_modified_time":"2025-03-12T13:14:14+00:00","og_image":[{"width":1240,"height":1240,"url":"https:\/\/www.kesla.de\/wp-content\/uploads\/WST_SC_Super_1_Liter_07_0223.png","type":"image\/png"}],"twitter_card":"summary_large_image","twitter_misc":{"Estimated reading time":"2 minutes"},"schema":{"@context":"https:\/\/schema.org","@graph":[{"@type":"WebPage","@id":"https:\/\/www.kesla.de\/produkt\/wofasteril-sc-super\/","url":"https:\/\/www.kesla.de\/produkt\/wofasteril-sc-super\/","name":"Wofasteril\u00ae SC super for hobby pet owners - KESLA HYGIENE AG","isPartOf":{"@id":"https:\/\/www.kesla.de\/#website"},"primaryImageOfPage":{"@id":"https:\/\/www.kesla.de\/produkt\/wofasteril-sc-super\/#primaryimage"},"image":{"@id":"https:\/\/www.kesla.de\/produkt\/wofasteril-sc-super\/#primaryimage"},"thumbnailUrl":"https:\/\/www.kesla.de\/wp-content\/uploads\/WST_SC_Super_1_Liter_07_0223.png","datePublished":"2023-07-27T06:47:01+00:00","dateModified":"2025-03-12T13:14:14+00:00","description":"Wofasteril SC super for disinfection based on peracetic acid for hygiene in the veterinary sector and for hobby animal keepers. Also effective against pavoviruses.","breadcrumb":{"@id":"https:\/\/www.kesla.de\/produkt\/wofasteril-sc-super\/#breadcrumb"},"inLanguage":"en-GB","potentialAction":[{"@type":"ReadAction","target":["https:\/\/www.kesla.de\/produkt\/wofasteril-sc-super\/"]}]},{"@type":"ImageObject","inLanguage":"en-GB","@id":"https:\/\/www.kesla.de\/produkt\/wofasteril-sc-super\/#primaryimage","url":"https:\/\/www.kesla.de\/wp-content\/uploads\/WST_SC_Super_1_Liter_07_0223.png","contentUrl":"https:\/\/www.kesla.de\/wp-content\/uploads\/WST_SC_Super_1_Liter_07_0223.png","width":1240,"height":1240,"caption":"WST_SC_Super_1_Liter"},{"@type":"BreadcrumbList","@id":"https:\/\/www.kesla.de\/produkt\/wofasteril-sc-super\/#breadcrumb","itemListElement":[{"@type":"ListItem","position":1,"name":"Produkte","item":"https:\/\/www.kesla.de\/produkte-2\/"},{"@type":"ListItem","position":2,"name":"Wofasteril\u00ae SC super f\u00fcr Hobbytierhalter"}]},{"@type":"WebSite","@id":"https:\/\/www.kesla.de\/#website","url":"https:\/\/www.kesla.de\/","name":"kesla.de","description":"Your partner for professional cleaning and disinfection","publisher":{"@id":"https:\/\/www.kesla.de\/#organization"},"potentialAction":[{"@type":"SearchAction","target":{"@type":"EntryPoint","urlTemplate":"https:\/\/www.kesla.de\/?s={search_term_string}"},"query-input":{"@type":"PropertyValueSpecification","valueRequired":true,"valueName":"search_term_string"}}],"inLanguage":"en-GB"},{"@type":"Organization","@id":"https:\/\/www.kesla.de\/#organization","name":"kesla.de","url":"https:\/\/www.kesla.de\/","logo":{"@type":"ImageObject","inLanguage":"en-GB","@id":"https:\/\/www.kesla.de\/#\/schema\/logo\/image\/","url":"https:\/\/www.kesla.de\/wp-content\/uploads\/Kesla-Logo-2020-scaled.png","contentUrl":"https:\/\/www.kesla.de\/wp-content\/uploads\/Kesla-Logo-2020-scaled.png","width":2560,"height":958,"caption":"kesla.de"},"image":{"@id":"https:\/\/www.kesla.de\/#\/schema\/logo\/image\/"}}]}},"uagb_featured_image_src":{"full":["https:\/\/www.kesla.de\/wp-content\/uploads\/WST_SC_Super_1_Liter_07_0223.png",1240,1240,false],"thumbnail":["https:\/\/www.kesla.de\/wp-content\/uploads\/WST_SC_Super_1_Liter_07_0223-150x150.png",150,150,true],"medium":["https:\/\/www.kesla.de\/wp-content\/uploads\/WST_SC_Super_1_Liter_07_0223-300x300.png",300,300,true],"medium_large":["https:\/\/www.kesla.de\/wp-content\/uploads\/WST_SC_Super_1_Liter_07_0223-768x768.png",768,768,true],"large":["https:\/\/www.kesla.de\/wp-content\/uploads\/WST_SC_Super_1_Liter_07_0223-1024x1024.png",1024,1024,true],"1536x1536":["https:\/\/www.kesla.de\/wp-content\/uploads\/WST_SC_Super_1_Liter_07_0223.png",1240,1240,false],"2048x2048":["https:\/\/www.kesla.de\/wp-content\/uploads\/WST_SC_Super_1_Liter_07_0223.png",1240,1240,false],"trp-custom-language-flag":["https:\/\/www.kesla.de\/wp-content\/uploads\/WST_SC_Super_1_Liter_07_0223-12x12.png",12,12,true],"woocommerce_thumbnail":["https:\/\/www.kesla.de\/wp-content\/uploads\/WST_SC_Super_1_Liter_07_0223-600x600.png",600,600,true],"woocommerce_single":["https:\/\/www.kesla.de\/wp-content\/uploads\/WST_SC_Super_1_Liter_07_0223-1200x1200.png",1200,1200,true],"woocommerce_gallery_thumbnail":["https:\/\/www.kesla.de\/wp-content\/uploads\/WST_SC_Super_1_Liter_07_0223-100x100.png",100,100,true]},"uagb_author_info":{"display_name":"AH","author_link":"https:\/\/www.kesla.de\/en\/author\/"},"uagb_comment_info":9,"uagb_excerpt":"Desinfektionsmittel auf Basis von Peressigs\u00e4ure f\u00fcr die Hygiene im Veterin\u00e4rbereich und f\u00fcr Hobbytierhalter","_links":{"self":[{"href":"https:\/\/www.kesla.de\/en\/wp-json\/wp\/v2\/product\/5029","targetHints":{"allow":["GET"]}}],"collection":[{"href":"https:\/\/www.kesla.de\/en\/wp-json\/wp\/v2\/product"}],"about":[{"href":"https:\/\/www.kesla.de\/en\/wp-json\/wp\/v2\/types\/product"}],"wp:featuredmedia":[{"embeddable":true,"href":"https:\/\/www.kesla.de\/en\/wp-json\/wp\/v2\/media\/5037"}],"wp:attachment":[{"href":"https:\/\/www.kesla.de\/en\/wp-json\/wp\/v2\/media?parent=5029"}],"wp:term":[{"taxonomy":"product_brand","embeddable":true,"href":"https:\/\/www.kesla.de\/en\/wp-json\/wp\/v2\/product_brand?post=5029"},{"taxonomy":"product_cat","embeddable":true,"href":"https:\/\/www.kesla.de\/en\/wp-json\/wp\/v2\/product_cat?post=5029"},{"taxonomy":"product_tag","embeddable":true,"href":"https:\/\/www.kesla.de\/en\/wp-json\/wp\/v2\/product_tag?post=5029"}],"curies":[{"name":"wp","href":"https:\/\/api.w.org\/{rel}","templated":true}]}}